{"id":143178,"date":"2023-01-10T12:04:26","date_gmt":"2025-01-08T08:17:22","guid":{"rendered":"https:\/\/kingarms.ee\/product\/taktiska-veste-melna-karaliska\/"},"modified":"2025-01-08T11:17:22","modified_gmt":"2025-01-08T08:17:22","slug":"taktikaline-vest-must-royal","status":"publish","type":"product","link":"https:\/\/kingarms.ee\/lv\/product\/taktikaline-vest-must-royal\/","title":{"rendered":"Taktisk\u0101 veste &#8211; meln\u0101 (karalisk\u0101)"},"content":{"rendered":"<p><img loading=\"lazy\" decoding=\"async\" class=\"alignnone size-full wp-image-71540\" src=\"https:\/\/kingarms.ee\/wp-content\/uploads\/2023\/01\/royal-tactical-vest-nero-vt-1104b.jpg\" alt=\"\" width=\"1000\" height=\"1000\" srcset=\"https:\/\/kingarms.ee\/wp-content\/uploads\/2023\/01\/royal-tactical-vest-nero-vt-1104b.jpg 1000w, https:\/\/kingarms.ee\/wp-content\/uploads\/2023\/01\/royal-tactical-vest-nero-vt-1104b-300x300.jpg 300w, https:\/\/kingarms.ee\/wp-content\/uploads\/2023\/01\/royal-tactical-vest-nero-vt-1104b-150x150.jpg 150w, https:\/\/kingarms.ee\/wp-content\/uploads\/2023\/01\/royal-tactical-vest-nero-vt-1104b-768x768.jpg 768w, https:\/\/kingarms.ee\/wp-content\/uploads\/2023\/01\/royal-tactical-vest-nero-vt-1104b-500x500.jpg 500w\" sizes=\"auto, (max-width: 1000px) 100vw, 1000px\" \/><\/p>\n","protected":false},"excerpt":{"rendered":"<p>Taktisk\u0101 veste &#8211; meln\u0101 (karalisk\u0101)<br \/>\nIzgatavots no augstas iztur\u012bbas poliestera<br \/>\nS\u0101nu atvere ar velcro un skavas regul\u0113\u0161anu<br \/>\n\u0100tra atbr\u012bvo\u0161ana, izmantojot met\u0101la kabe\u013cus<br \/>\nSiksnu ceturtda\u013cas priek\u0161puse un aizmugure<br \/>\nRegul\u0113jamas plecu siksnas ar velcro<br \/>\n1x administratora kabata ar panku valk\u0101\u0161anu boksa un velcro pl\u0101ksteros<br \/>\n3x relastiski un velcro stiprin\u0101jums pukkeritus kabata<br \/>\n1x Liela vertik\u0101la bezdarba soma, dubult\u0101 karoga aktivit\u0101te un jostasvieta, kuru stiprin\u0101jumi, kurus j\u016bs pievienosit rekl\u0101m\u0101m, lai apstiprin\u0101tu<br \/>\nVisas kabatas ir no\u0146emamas un p\u0101rvietotas, izmantojot balstiek\u0101rtas sist\u0113mu<br \/>\nSagatavots aizsarg\u0101jo\u0161iem vairogiem (nav iek\u013cauts)<br \/>\nViena izm\u0113ra regul\u0113jama<br \/>\nIzm\u0113ri 600 mm x 490mm x (maks.) 300 mm<br \/>\nKr\u0101sains melns<\/p>\n","protected":false},"featured_media":133275,"template":"","meta":{"_acf_changed":false},"product_brand":[],"product_cat":[1093],"product_tag":[],"class_list":{"0":"post-143178","1":"product","2":"type-product","3":"status-publish","4":"has-post-thumbnail","6":"product_cat-vestes-un-zirglietas","8":"first","9":"instock","10":"taxable","11":"shipping-taxable","12":"purchasable","13":"product-type-simple"},"acf":[],"_links":{"self":[{"href":"https:\/\/kingarms.ee\/lv\/wp-json\/wp\/v2\/product\/143178","targetHints":{"allow":["GET"]}}],"collection":[{"href":"https:\/\/kingarms.ee\/lv\/wp-json\/wp\/v2\/product"}],"about":[{"href":"https:\/\/kingarms.ee\/lv\/wp-json\/wp\/v2\/types\/product"}],"wp:featuredmedia":[{"embeddable":true,"href":"https:\/\/kingarms.ee\/lv\/wp-json\/wp\/v2\/media\/133275"}],"wp:attachment":[{"href":"https:\/\/kingarms.ee\/lv\/wp-json\/wp\/v2\/media?parent=143178"}],"wp:term":[{"taxonomy":"product_brand","embeddable":true,"href":"https:\/\/kingarms.ee\/lv\/wp-json\/wp\/v2\/product_brand?post=143178"},{"taxonomy":"product_cat","embeddable":true,"href":"https:\/\/kingarms.ee\/lv\/wp-json\/wp\/v2\/product_cat?post=143178"},{"taxonomy":"product_tag","embeddable":true,"href":"https:\/\/kingarms.ee\/lv\/wp-json\/wp\/v2\/product_tag?post=143178"}],"curies":[{"name":"wp","href":"https:\/\/api.w.org\/{rel}","templated":true}]}}