{"id":143180,"date":"2023-01-09T19:20:21","date_gmt":"2025-01-08T08:27:40","guid":{"rendered":"https:\/\/kingarms.ee\/product\/hologramma\/"},"modified":"2025-01-08T11:27:40","modified_gmt":"2025-01-08T08:27:40","slug":"holografiski-sarkanais-statey-aim-o-2","status":"publish","type":"product","link":"https:\/\/kingarms.ee\/lv\/product\/holografiski-sarkanais-statey-aim-o-2\/","title":{"rendered":"Hologramma"},"content":{"rendered":"<p><img loading=\"lazy\" decoding=\"async\" class=\"alignnone size-full wp-image-71526\" src=\"https:\/\/kingarms.ee\/wp-content\/uploads\/2023\/01\/aim-o-red-dot-olografico-sgancio-rapido-comandi-posteriori-nero-ao5019-b.jpg\" alt=\"\" width=\"1000\" height=\"1000\" srcset=\"https:\/\/kingarms.ee\/wp-content\/uploads\/2023\/01\/aim-o-red-dot-olografico-sgancio-rapido-comandi-posteriori-nero-ao5019-b.jpg 1000w, https:\/\/kingarms.ee\/wp-content\/uploads\/2023\/01\/aim-o-red-dot-olografico-sgancio-rapido-comandi-posteriori-nero-ao5019-b-300x300.jpg 300w, https:\/\/kingarms.ee\/wp-content\/uploads\/2023\/01\/aim-o-red-dot-olografico-sgancio-rapido-comandi-posteriori-nero-ao5019-b-150x150.jpg 150w, https:\/\/kingarms.ee\/wp-content\/uploads\/2023\/01\/aim-o-red-dot-olografico-sgancio-rapido-comandi-posteriori-nero-ao5019-b-768x768.jpg 768w, https:\/\/kingarms.ee\/wp-content\/uploads\/2023\/01\/aim-o-red-dot-olografico-sgancio-rapido-comandi-posteriori-nero-ao5019-b-500x500.jpg 500w\" sizes=\"auto, (max-width: 1000px) 100vw, 1000px\" \/><\/p>\n","protected":false},"excerpt":{"rendered":"<p><strong>Hologr\u0101fisk\u0101 sarkan\u0101 sf\u0113ra<\/strong><\/p>\n<p>Hologr\u0101fiskais sarkanais punkts<br \/>\nSarkan\u0101 vai za\u013c\u0101 punkta 1 MOA ar regul\u0113jamu intensit\u0101ti<br \/>\nAtpaka\u013c uz ierobe\u017eot\u0101m p\u0101rbaud\u0113m<br \/>\nPilns met\u0101ls<br \/>\nPacel\u0161anas un dreif\u0113\u0161anas piel\u0101go\u0161ana<br \/>\n20 mm standarta sl\u012bd\u0113\u0161anas stiprin\u0101jums ar \u0101tru stiprin\u0101jumu<br \/>\nNepiecie\u0161amas 2x AAA baterijas (nav iek\u013cautas)<br \/>\nIzm\u0113ri 130 mm x 58 mm x 70mm<br \/>\nSvars 290g<br \/>\nKr\u0101sains melns<\/p>\n","protected":false},"featured_media":126451,"template":"","meta":{"_acf_changed":false},"product_brand":[],"product_cat":[1067],"product_tag":[],"class_list":{"0":"post-143180","1":"product","2":"type-product","3":"status-publish","4":"has-post-thumbnail","6":"product_cat-skats","8":"first","9":"instock","10":"taxable","11":"shipping-taxable","12":"purchasable","13":"product-type-simple"},"acf":[],"_links":{"self":[{"href":"https:\/\/kingarms.ee\/lv\/wp-json\/wp\/v2\/product\/143180","targetHints":{"allow":["GET"]}}],"collection":[{"href":"https:\/\/kingarms.ee\/lv\/wp-json\/wp\/v2\/product"}],"about":[{"href":"https:\/\/kingarms.ee\/lv\/wp-json\/wp\/v2\/types\/product"}],"wp:featuredmedia":[{"embeddable":true,"href":"https:\/\/kingarms.ee\/lv\/wp-json\/wp\/v2\/media\/126451"}],"wp:attachment":[{"href":"https:\/\/kingarms.ee\/lv\/wp-json\/wp\/v2\/media?parent=143180"}],"wp:term":[{"taxonomy":"product_brand","embeddable":true,"href":"https:\/\/kingarms.ee\/lv\/wp-json\/wp\/v2\/product_brand?post=143180"},{"taxonomy":"product_cat","embeddable":true,"href":"https:\/\/kingarms.ee\/lv\/wp-json\/wp\/v2\/product_cat?post=143180"},{"taxonomy":"product_tag","embeddable":true,"href":"https:\/\/kingarms.ee\/lv\/wp-json\/wp\/v2\/product_tag?post=143180"}],"curies":[{"name":"wp","href":"https:\/\/api.w.org\/{rel}","templated":true}]}}