{"id":143185,"date":"2023-01-09T16:28:43","date_gmt":"2025-01-08T09:32:51","guid":{"rendered":"https:\/\/kingarms.ee\/product\/saliekams-ar-roku-redzejis-zidainu-kabatas-zena-likni-130-8\/"},"modified":"2025-01-08T12:32:51","modified_gmt":"2025-01-08T09:32:51","slug":"kokkupandav-kasisaag-silky-pocketboy-curve-130-8","status":"publish","type":"product","link":"https:\/\/kingarms.ee\/lv\/product\/kokkupandav-kasisaag-silky-pocketboy-curve-130-8\/","title":{"rendered":"Saliekams ar roku redz\u0113jis z\u012bdainu kabatas z\u0113na l\u012bkni 130-8"},"content":{"rendered":"<p><img loading=\"lazy\" decoding=\"async\" class=\"alignnone size-full wp-image-71418\" src=\"https:\/\/kingarms.ee\/wp-content\/uploads\/2023\/01\/pila-reczna-skladana-silky-pocketboy-curve-130-8-51d6315f0a904fff8931759077d64ef7-c227da73.jpg\" alt=\"\" width=\"628\" height=\"471\" srcset=\"https:\/\/kingarms.ee\/wp-content\/uploads\/2023\/01\/pila-reczna-skladana-silky-pocketboy-curve-130-8-51d6315f0a904fff8931759077d64ef7-c227da73.jpg 628w, https:\/\/kingarms.ee\/wp-content\/uploads\/2023\/01\/pila-reczna-skladana-silky-pocketboy-curve-130-8-51d6315f0a904fff8931759077d64ef7-c227da73-300x225.jpg 300w, https:\/\/kingarms.ee\/wp-content\/uploads\/2023\/01\/pila-reczna-skladana-silky-pocketboy-curve-130-8-51d6315f0a904fff8931759077d64ef7-c227da73-600x450.jpg 600w, https:\/\/kingarms.ee\/wp-content\/uploads\/2023\/01\/pila-reczna-skladana-silky-pocketboy-curve-130-8-51d6315f0a904fff8931759077d64ef7-c227da73-500x375.jpg 500w, https:\/\/kingarms.ee\/wp-content\/uploads\/2023\/01\/pila-reczna-skladana-silky-pocketboy-curve-130-8-51d6315f0a904fff8931759077d64ef7-c227da73-150x113.jpg 150w\" sizes=\"auto, (max-width: 628px) 100vw, 628px\" \/><\/p>\n","protected":false},"excerpt":{"rendered":"<p>Silky Pocketboy Curve 130-8 ir popul\u0101r\u0101 p\u0101rg\u0101jienu un izdz\u012bvo\u0161anas z\u0101\u0123a uzlabota versija ar izliektu asmeni, kas palielina efektivit\u0101ti un atvieglo grie\u0161anas zarus virs m\u016bsu pleciem. Versija ar svaigu koku. Jap\u0101nas z\u012bmola z\u012bdaini profesion\u0101lie roku z\u0101\u0123i ir izstr\u0101d\u0101ti, pamatojoties uz gadsimtu grie\u0161anas r\u012bku trad\u012bcij\u0101m un modernaj\u0101m tehnolo\u0123ij\u0101m. \u0160\u012bs kombin\u0101cijas rezult\u0101t\u0101 z\u012bdaini r\u012bki sasniedz augstu iztur\u012bbu un asumu, kas nodro\u0161ina augstu grie\u0161anas efektivit\u0101ti. Z\u012bdainais Pocketboy ir viegla un \u0113rta kompakt\u0101 ce\u013cojumu kult\u016bru s\u0113rija, kas m\u016bsu valst\u012b ir bijusi \u013coti veiksm\u012bga, pateicoties t\u0101s sniegumam un daudzpus\u012bbai. Pocketboy ra\u017eu \u012bpa\u0161i nov\u0113rt\u0113 izdz\u012bvoju\u0161ie, kr\u016bmi, mednieki un kanoe. Pocketboy Curve 130-8 Saw Blade ir \u013coti sagriezts augsta oglek\u013ca satura t\u0113rauds ar l\u0101zeru, kas ir \u013coti elast\u012bgs un \u013coti iztur\u012bgs pret bl\u0101vu. Sal\u012bdzinot ar taisnu z\u0101\u0123u asme\u0146iem, jaunais z\u0101\u0123a asmens maigi pa\u0101trina grie\u0161anas izliekto profilu un palielina produktivit\u0101ti l\u012bdz 15-20%. Nedaudz ov\u0101la forma ne\u013cauj z\u0101\u0123im nokrist no griezuma un atvieglo zaru grie\u0161anu virs m\u016bsu pleciem. L\u0101psti\u0146as virsma ir hroma, kas aizsarg\u0101 pret korozijas, koka sulas un laika apst\u0101k\u013cu kait\u012bgo iedarb\u012bbu. \u012apa\u0161\u0101 z\u012bdain\u0101 kult\u016bru iez\u012bme ir uzlabotais zobu dizains un &#8220;apgriezts&#8221; z\u0101\u0123\u0113\u0161anas pa\u0146\u0113miens, kas nodro\u0161ina maksim\u0101lu komfortu un minim\u0101lo ener\u0123ijas pat\u0113ri\u0146u. Lai palielin\u0101tu efektivit\u0101ti, asie zobi tiek sl\u012bp\u0113ti pat \u010detr\u0101s plakn\u0113. Ir ar\u012b svar\u012bgi, lai tikai indukcijas laik\u0101 b\u016btu indukcijas malas, t\u0101p\u0113c p\u0101r\u0113jais asmens ir m\u012bksts un elast\u012bgs, kas nov\u0113r\u0161 z\u0101\u0123a p\u0101rr\u0101vumu lieto\u0161anas vai nepareizas lieto\u0161anas laik\u0101. Grie\u0161anas da\u013ca ir d\u012b\u0137a zvana form\u0101, t\u0101p\u0113c asmens nesl\u0113dzas, kam\u0113r grie\u017eas, t\u0101pat k\u0101 liel\u0101kaj\u0101 da\u013c\u0101 tirgus kult\u016bru. \u0160is \u012bpa\u0161ais zob\u0101rstniec\u012bbas profils ar\u012b palielina iztur\u012bbu grie\u0161anas laik\u0101, un koksnes virsma ir \u0101rk\u0101rt\u012bgi gluda p\u0113c grie\u0161anas. Pocketboy l\u012bkne 130-8 rokas z\u0101\u0123is ir apr\u012bkots ar 130 mm garu asmeni ar 8 zobiem uz 30 mm asmeni. \u0160\u0101ds asmens ir vispiem\u0113rot\u0101kais svaigu zaru z\u0101\u0123\u0113\u0161anai l\u012bdz 65 mm biezumam. Z\u0101\u0123is ir salikts t\u0101, lai roktura iek\u0161pus\u0113 agres\u012bvie zobi b\u016btu dro\u0161i. Blo\u0137\u0113\u0161anas meh\u0101nisms \u013cauj asmeni blo\u0137\u0113t div\u0101s da\u017e\u0101d\u0101s poz\u012bcij\u0101s, atkar\u012bb\u0101 no situ\u0101cijas un darba apst\u0101k\u013ciem. Pocketboy modelis izmanto polipropil\u0113na rokturi, kas nodro\u0161ina labu sa\u0137eri neatkar\u012bgi no laika apst\u0101k\u013ciem. Komplekt\u0101 ietilpst praktisks aizsl\u0113gts caursp\u012bd\u012bgs plastmasas iesai\u0146ojums, kas aizsarg\u0101 instrumentu mugursom\u0101 vai instrumentu komplekt\u0101. Z\u012bdain\u0101 kabatas z\u0113na l\u012bkne 130-8 ir kabatas z\u0101\u0123is, kuru jums noteikti patiks izdz\u012bvot, kr\u016bmu entuziasti, mednieki un tie, kas mekl\u0113 jaud\u012bgu r\u012bku d\u0101rzam vai m\u0101jas darbn\u012bcai. Z\u012bdaini kabatas z\u0113nu l\u012bknes z\u0101\u0123iem ir savstarp\u0113ji aizst\u0101jami graudi, kas pieejami atsevi\u0161\u0137i. <\/p>\n<p>&nbsp;<\/p>\n","protected":false},"featured_media":126423,"template":"","meta":{"_acf_changed":false},"product_brand":[],"product_cat":[1116],"product_tag":[],"class_list":{"0":"post-143185","1":"product","2":"type-product","3":"status-publish","4":"has-post-thumbnail","6":"product_cat-zagis","8":"first","9":"onbackorder","10":"taxable","11":"shipping-taxable","12":"product-type-simple"},"acf":[],"_links":{"self":[{"href":"https:\/\/kingarms.ee\/lv\/wp-json\/wp\/v2\/product\/143185","targetHints":{"allow":["GET"]}}],"collection":[{"href":"https:\/\/kingarms.ee\/lv\/wp-json\/wp\/v2\/product"}],"about":[{"href":"https:\/\/kingarms.ee\/lv\/wp-json\/wp\/v2\/types\/product"}],"wp:featuredmedia":[{"embeddable":true,"href":"https:\/\/kingarms.ee\/lv\/wp-json\/wp\/v2\/media\/126423"}],"wp:attachment":[{"href":"https:\/\/kingarms.ee\/lv\/wp-json\/wp\/v2\/media?parent=143185"}],"wp:term":[{"taxonomy":"product_brand","embeddable":true,"href":"https:\/\/kingarms.ee\/lv\/wp-json\/wp\/v2\/product_brand?post=143185"},{"taxonomy":"product_cat","embeddable":true,"href":"https:\/\/kingarms.ee\/lv\/wp-json\/wp\/v2\/product_cat?post=143185"},{"taxonomy":"product_tag","embeddable":true,"href":"https:\/\/kingarms.ee\/lv\/wp-json\/wp\/v2\/product_tag?post=143185"}],"curies":[{"name":"wp","href":"https:\/\/api.w.org\/{rel}","templated":true}]}}