{"id":143194,"date":"2023-01-09T15:14:06","date_gmt":"2025-01-08T09:37:00","guid":{"rendered":"https:\/\/kingarms.ee\/product\/spruda-pavasara-buris-pm49-borner\/"},"modified":"2025-01-08T12:37:00","modified_gmt":"2025-01-08T09:37:00","slug":"paastikvedru-puur-pm49-borner","status":"publish","type":"product","link":"https:\/\/kingarms.ee\/lv\/product\/paastikvedru-puur-pm49-borner\/","title":{"rendered":"Spr\u016bda pavasara b\u016bris PM49 (Borner)"},"content":{"rendered":"<p><img loading=\"lazy\" decoding=\"async\" class=\"alignnone size-full wp-image-71318\" src=\"https:\/\/kingarms.ee\/wp-content\/uploads\/2023\/01\/162476.webp\" alt=\"\" width=\"1024\" height=\"768\" srcset=\"https:\/\/kingarms.ee\/wp-content\/uploads\/2023\/01\/162476.webp 1024w, https:\/\/kingarms.ee\/wp-content\/uploads\/2023\/01\/162476-300x225.webp 300w, https:\/\/kingarms.ee\/wp-content\/uploads\/2023\/01\/162476-768x576.webp 768w, https:\/\/kingarms.ee\/wp-content\/uploads\/2023\/01\/162476-600x450.webp 600w, https:\/\/kingarms.ee\/wp-content\/uploads\/2023\/01\/162476-500x375.webp 500w, https:\/\/kingarms.ee\/wp-content\/uploads\/2023\/01\/162476-150x113.webp 150w\" sizes=\"auto, (max-width: 1024px) 100vw, 1024px\" \/><\/p>\n","protected":false},"excerpt":{"rendered":"<p><strong>Spr\u016bda pavasara b\u016bris PM49<\/strong><\/p>\n<p>Pistoles meh\u0101nismu aizst\u0101j ar spr\u016bda pavasari Borner PM49. \u0160\u012b da\u013ca ir izgatavota, pamatojoties uz ori\u0123in\u0101lu un piln\u012bb\u0101 atbilst visiem nepiecie\u0161amajiem parametriem un indikatoriem. \u0160\u012b pieeja \u013cauj \u0101tri un augstas kvalit\u0101tes aizst\u0101t! Funkcijas: &#8211; augstas kvalit\u0101tes;<br \/>\n&#8211; Pieejama cena;<br \/>\n&#8211; iztur\u012bba;<br \/>\n&#8211; Praktiskums un piel\u0101gojam\u012bba.  <\/p>\n","protected":false},"featured_media":126391,"template":"","meta":{"_acf_changed":false},"product_brand":[],"product_cat":[1129],"product_tag":[],"class_list":{"0":"post-143194","1":"product","2":"type-product","3":"status-publish","4":"has-post-thumbnail","6":"product_cat-rezerves-dalas","8":"first","9":"instock","10":"taxable","11":"shipping-taxable","12":"purchasable","13":"product-type-simple"},"acf":[],"_links":{"self":[{"href":"https:\/\/kingarms.ee\/lv\/wp-json\/wp\/v2\/product\/143194","targetHints":{"allow":["GET"]}}],"collection":[{"href":"https:\/\/kingarms.ee\/lv\/wp-json\/wp\/v2\/product"}],"about":[{"href":"https:\/\/kingarms.ee\/lv\/wp-json\/wp\/v2\/types\/product"}],"wp:featuredmedia":[{"embeddable":true,"href":"https:\/\/kingarms.ee\/lv\/wp-json\/wp\/v2\/media\/126391"}],"wp:attachment":[{"href":"https:\/\/kingarms.ee\/lv\/wp-json\/wp\/v2\/media?parent=143194"}],"wp:term":[{"taxonomy":"product_brand","embeddable":true,"href":"https:\/\/kingarms.ee\/lv\/wp-json\/wp\/v2\/product_brand?post=143194"},{"taxonomy":"product_cat","embeddable":true,"href":"https:\/\/kingarms.ee\/lv\/wp-json\/wp\/v2\/product_cat?post=143194"},{"taxonomy":"product_tag","embeddable":true,"href":"https:\/\/kingarms.ee\/lv\/wp-json\/wp\/v2\/product_tag?post=143194"}],"curies":[{"name":"wp","href":"https:\/\/api.w.org\/{rel}","templated":true}]}}