{"id":143195,"date":"2023-01-06T18:06:00","date_gmt":"2025-01-08T09:38:40","guid":{"rendered":"https:\/\/kingarms.ee\/product\/jostas-klips-vutlar-torches-ab02-fenix\/"},"modified":"2025-01-08T12:38:40","modified_gmt":"2025-01-08T09:38:40","slug":"vooklambriga-vutlar-taskulampidele-ab02-fenix","status":"publish","type":"product","link":"https:\/\/kingarms.ee\/lv\/product\/vooklambriga-vutlar-taskulampidele-ab02-fenix\/","title":{"rendered":"Jostas klips Vutlar Torches AB02 (Fenix)"},"content":{"rendered":"<p><img loading=\"lazy\" decoding=\"async\" class=\"alignnone size-full wp-image-71078\" src=\"https:\/\/kingarms.ee\/wp-content\/uploads\/2023\/01\/1-11.jpg\" alt=\"\" width=\"850\" height=\"850\" srcset=\"https:\/\/kingarms.ee\/wp-content\/uploads\/2023\/01\/1-11.jpg 850w, https:\/\/kingarms.ee\/wp-content\/uploads\/2023\/01\/1-11-300x300.jpg 300w, https:\/\/kingarms.ee\/wp-content\/uploads\/2023\/01\/1-11-150x150.jpg 150w, https:\/\/kingarms.ee\/wp-content\/uploads\/2023\/01\/1-11-768x768.jpg 768w, https:\/\/kingarms.ee\/wp-content\/uploads\/2023\/01\/1-11-500x500.jpg 500w\" sizes=\"auto, (max-width: 850px) 100vw, 850px\" \/><\/p>\n","protected":false},"excerpt":{"rendered":"<p>Fenix AB02 ir kombin\u0113ta luktur\u012b\u0161u \u0137ilda. For more compact 1*18650\/2*CR123 torches with a diameter of not exceeding 25.4mm (1 &#8220;) and the head does not exceed 34mm. The lamp case is open at both ends, ensuring the lamp switching (rear switch) and use Lieta ir piestiprin\u0101ta pie viduk\u013ca ar sp\u0113c\u012bgu integr\u0113tu met\u0101la klipu, kas atv\u0113rts no apak\u0161\u0113j\u0101s da\u013cas.      <\/p>\n","protected":false},"featured_media":126315,"template":"","meta":{"_acf_changed":false},"product_brand":[],"product_cat":[1104,1037,1098],"product_tag":[],"class_list":{"0":"post-143195","1":"product","2":"type-product","3":"status-publish","4":"has-post-thumbnail","6":"product_cat-kabatas","7":"product_cat-lukturisi","8":"product_cat-maisini-somas-un-siksnas","10":"first","11":"instock","12":"taxable","13":"shipping-taxable","14":"purchasable","15":"product-type-simple"},"acf":[],"_links":{"self":[{"href":"https:\/\/kingarms.ee\/lv\/wp-json\/wp\/v2\/product\/143195","targetHints":{"allow":["GET"]}}],"collection":[{"href":"https:\/\/kingarms.ee\/lv\/wp-json\/wp\/v2\/product"}],"about":[{"href":"https:\/\/kingarms.ee\/lv\/wp-json\/wp\/v2\/types\/product"}],"wp:featuredmedia":[{"embeddable":true,"href":"https:\/\/kingarms.ee\/lv\/wp-json\/wp\/v2\/media\/126315"}],"wp:attachment":[{"href":"https:\/\/kingarms.ee\/lv\/wp-json\/wp\/v2\/media?parent=143195"}],"wp:term":[{"taxonomy":"product_brand","embeddable":true,"href":"https:\/\/kingarms.ee\/lv\/wp-json\/wp\/v2\/product_brand?post=143195"},{"taxonomy":"product_cat","embeddable":true,"href":"https:\/\/kingarms.ee\/lv\/wp-json\/wp\/v2\/product_cat?post=143195"},{"taxonomy":"product_tag","embeddable":true,"href":"https:\/\/kingarms.ee\/lv\/wp-json\/wp\/v2\/product_tag?post=143195"}],"curies":[{"name":"wp","href":"https:\/\/api.w.org\/{rel}","templated":true}]}}