{"id":143198,"date":"2023-01-06T18:23:51","date_gmt":"2025-01-08T09:41:39","guid":{"rendered":"https:\/\/kingarms.ee\/product\/plaukstas-locitavas-turetajs-lai-kompaktas-lukturisus-alw-01-fenix\/"},"modified":"2025-01-08T12:41:39","modified_gmt":"2025-01-08T09:41:39","slug":"randmehoidik-kompaktsetele-taskulampidele-alw-01-fenix","status":"publish","type":"product","link":"https:\/\/kingarms.ee\/lv\/product\/randmehoidik-kompaktsetele-taskulampidele-alw-01-fenix\/","title":{"rendered":"Plaukstas loc\u012btavas tur\u0113t\u0101js, lai kompaktas luktur\u012b\u0161us ALW-01 (Fenix)"},"content":{"rendered":"<p><img loading=\"lazy\" decoding=\"async\" class=\"alignnone size-full wp-image-71114\" src=\"https:\/\/kingarms.ee\/wp-content\/uploads\/2023\/01\/01.jpg\" alt=\"\" width=\"850\" height=\"850\" srcset=\"https:\/\/kingarms.ee\/wp-content\/uploads\/2023\/01\/01.jpg 850w, https:\/\/kingarms.ee\/wp-content\/uploads\/2023\/01\/01-300x300.jpg 300w, https:\/\/kingarms.ee\/wp-content\/uploads\/2023\/01\/01-150x150.jpg 150w, https:\/\/kingarms.ee\/wp-content\/uploads\/2023\/01\/01-768x768.jpg 768w, https:\/\/kingarms.ee\/wp-content\/uploads\/2023\/01\/01-500x500.jpg 500w\" sizes=\"auto, (max-width: 850px) 100vw, 850px\" \/><\/p>\n","protected":false},"excerpt":{"rendered":"<p><strong>Plaukstas loc\u012btavas tur\u0113t\u0101js, lai kompaktu luktur\u012b\u0161us ALW-01<\/strong><\/p>\n<p>Fenix ALW-01 ir unik\u0101ls plaukstas stiprin\u0101jums maz\u0101k\u0101m Fenix lamp\u0101m. Plaukstas loc\u012btavu var izmantot, lai luktur\u012b\u0161us piestiprin\u0101tu pie lampas stiprin\u0101juma, padarot tos par bez roku vietu darbam (remonts, pastaigas, gl\u0101b\u0161ana utt.). Lampas stiprin\u0101jums ir izgatavots no iztur\u012bgas plastmasas un tiek pagriezts ar luktur\u012bti 360 gr\u0101diem. Plaukstas loc\u012btava ir 40 mm plata, \u0113rta, sp\u0113c\u012bga un austa ar nodiluma iztur\u012bgu neilonu. Plaukstas loc\u012btavas garumu var noregul\u0113t l\u012bdz 140-200 mm apm\u0113r\u0101. Fenix ALW-01 iek\u013caujas \u0161\u0101d\u0101s Fenix lamp\u0101s: E12 V2.0, E16, E18R v2.0, PD25R    <\/p>\n","protected":false},"featured_media":126329,"template":"","meta":{"_acf_changed":false},"product_brand":[],"product_cat":[1037],"product_tag":[],"class_list":{"0":"post-143198","1":"product","2":"type-product","3":"status-publish","4":"has-post-thumbnail","6":"product_cat-lukturisi","8":"first","9":"instock","10":"taxable","11":"shipping-taxable","12":"purchasable","13":"product-type-simple"},"acf":[],"_links":{"self":[{"href":"https:\/\/kingarms.ee\/lv\/wp-json\/wp\/v2\/product\/143198","targetHints":{"allow":["GET"]}}],"collection":[{"href":"https:\/\/kingarms.ee\/lv\/wp-json\/wp\/v2\/product"}],"about":[{"href":"https:\/\/kingarms.ee\/lv\/wp-json\/wp\/v2\/types\/product"}],"wp:featuredmedia":[{"embeddable":true,"href":"https:\/\/kingarms.ee\/lv\/wp-json\/wp\/v2\/media\/126329"}],"wp:attachment":[{"href":"https:\/\/kingarms.ee\/lv\/wp-json\/wp\/v2\/media?parent=143198"}],"wp:term":[{"taxonomy":"product_brand","embeddable":true,"href":"https:\/\/kingarms.ee\/lv\/wp-json\/wp\/v2\/product_brand?post=143198"},{"taxonomy":"product_cat","embeddable":true,"href":"https:\/\/kingarms.ee\/lv\/wp-json\/wp\/v2\/product_cat?post=143198"},{"taxonomy":"product_tag","embeddable":true,"href":"https:\/\/kingarms.ee\/lv\/wp-json\/wp\/v2\/product_tag?post=143198"}],"curies":[{"name":"wp","href":"https:\/\/api.w.org\/{rel}","templated":true}]}}