{"id":143200,"date":"2023-01-06T18:13:25","date_gmt":"2025-01-08T09:42:29","guid":{"rendered":"https:\/\/kingarms.ee\/product\/vutlar-prieksejiem-lukturiem-baterijam-un-piederumiem-apb-20-fenix\/"},"modified":"2025-01-08T12:42:29","modified_gmt":"2025-01-08T09:42:29","slug":"vutlar-pealampidele-akudele-ning-tarvikutele-apb-20-fenix","status":"publish","type":"product","link":"https:\/\/kingarms.ee\/lv\/product\/vutlar-pealampidele-akudele-ning-tarvikutele-apb-20-fenix\/","title":{"rendered":"Vutlar priek\u0161\u0113jiem lukturiem, baterij\u0101m un piederumiem APB-20 (Fenix)"},"content":{"rendered":"<p><img loading=\"lazy\" decoding=\"async\" class=\"alignnone size-full wp-image-71098\" src=\"https:\/\/kingarms.ee\/wp-content\/uploads\/2023\/01\/1-12.jpg\" alt=\"\" width=\"850\" height=\"850\" srcset=\"https:\/\/kingarms.ee\/wp-content\/uploads\/2023\/01\/1-12.jpg 850w, https:\/\/kingarms.ee\/wp-content\/uploads\/2023\/01\/1-12-300x300.jpg 300w, https:\/\/kingarms.ee\/wp-content\/uploads\/2023\/01\/1-12-150x150.jpg 150w, https:\/\/kingarms.ee\/wp-content\/uploads\/2023\/01\/1-12-768x768.jpg 768w, https:\/\/kingarms.ee\/wp-content\/uploads\/2023\/01\/1-12-500x500.jpg 500w\" sizes=\"auto, (max-width: 850px) 100vw, 850px\" \/><\/p>\n","protected":false},"excerpt":{"rendered":"<p>Kompakts augstas kvalit\u0101tes r\u0101v\u0113jsl\u0113dz\u0113js bateriju, piederumu un kompakto luktur\u012b\u0161u (ieskaitot ze\u0137bikses) p\u0101rvad\u0101\u0161anai un glab\u0101\u0161anai). Aizsarg\u0101 pret meh\u0101niskiem ievainojumiem, net\u012brumiem un mitrumu. Izgatavo Fenix. Lieta ir konstrukcija, kas satur formu. Izm\u0113ri tuk\u0161i ir 115x80x56mm  <\/p>\n","protected":false},"featured_media":126323,"template":"","meta":{"_acf_changed":false},"product_brand":[],"product_cat":[1104,1036,1098],"product_tag":[],"class_list":{"0":"post-143200","1":"product","2":"type-product","3":"status-publish","4":"has-post-thumbnail","6":"product_cat-kabatas","7":"product_cat-lukturi","8":"product_cat-maisini-somas-un-siksnas","10":"first","11":"instock","12":"taxable","13":"shipping-taxable","14":"purchasable","15":"product-type-simple"},"acf":[],"_links":{"self":[{"href":"https:\/\/kingarms.ee\/lv\/wp-json\/wp\/v2\/product\/143200","targetHints":{"allow":["GET"]}}],"collection":[{"href":"https:\/\/kingarms.ee\/lv\/wp-json\/wp\/v2\/product"}],"about":[{"href":"https:\/\/kingarms.ee\/lv\/wp-json\/wp\/v2\/types\/product"}],"wp:featuredmedia":[{"embeddable":true,"href":"https:\/\/kingarms.ee\/lv\/wp-json\/wp\/v2\/media\/126323"}],"wp:attachment":[{"href":"https:\/\/kingarms.ee\/lv\/wp-json\/wp\/v2\/media?parent=143200"}],"wp:term":[{"taxonomy":"product_brand","embeddable":true,"href":"https:\/\/kingarms.ee\/lv\/wp-json\/wp\/v2\/product_brand?post=143200"},{"taxonomy":"product_cat","embeddable":true,"href":"https:\/\/kingarms.ee\/lv\/wp-json\/wp\/v2\/product_cat?post=143200"},{"taxonomy":"product_tag","embeddable":true,"href":"https:\/\/kingarms.ee\/lv\/wp-json\/wp\/v2\/product_tag?post=143200"}],"curies":[{"name":"wp","href":"https:\/\/api.w.org\/{rel}","templated":true}]}}