{"id":143205,"date":"2022-11-28T18:51:56","date_gmt":"2025-01-08T10:02:01","guid":{"rendered":"https:\/\/kingarms.ee\/product\/uzladejama-akumulatora-fenix\/"},"modified":"2025-01-08T13:02:01","modified_gmt":"2025-01-08T10:02:01","slug":"rechargeable-battery-fenix","status":"publish","type":"product","link":"https:\/\/kingarms.ee\/lv\/product\/rechargeable-battery-fenix\/","title":{"rendered":"Uzl\u0101d\u0113jama akumulatora fenix"},"content":{"rendered":"","protected":false},"excerpt":{"rendered":"<p>Uzl\u0101d\u0113jams akumulators Fenix Fenix akumulatora modelis ar da\u013cas numuru ARB-L18-3500 ir kop\u0113j\u0101 18650 form\u0101t\u0101. \u0160\u012bs baterijas ir piem\u0113rotas liel\u0101kajai da\u013cai Fenix lieljaudas luktur\u012b\u0161u, k\u0101 ar\u012b cit\u0101m iek\u0101rt\u0101m. Elektrol\u012bta tips ir litija jons. \u0160\u0101d\u0101m baterij\u0101m raksturo mazs pa\u0161izl\u0101des procents, sp\u0113ja efekt\u012bvi str\u0101d\u0101t liel\u0101 temperat\u016bras diapazon\u0101. Ar\u012b litija jonu bateriju nenoliedzam\u0101 priek\u0161roc\u012bba gandr\u012bz nav atmi\u0146as efekts. T\u0101p\u0113c vi\u0146iem var atkal iekas\u0113t iesp\u0113ju, negaidot piln\u012bgu izl\u0101di. Lab\u0101k ir uzglab\u0101t tos uzl\u0101d\u0113tos, bet ne piln\u012bb\u0101.<\/p>\n","protected":false},"featured_media":125752,"template":"","meta":{"_acf_changed":false},"product_brand":[],"product_cat":[1056],"product_tag":[],"class_list":{"0":"post-143205","1":"product","2":"type-product","3":"status-publish","4":"has-post-thumbnail","6":"product_cat-batterses","8":"first","9":"instock","10":"purchasable","11":"product-type-simple"},"acf":[],"_links":{"self":[{"href":"https:\/\/kingarms.ee\/lv\/wp-json\/wp\/v2\/product\/143205","targetHints":{"allow":["GET"]}}],"collection":[{"href":"https:\/\/kingarms.ee\/lv\/wp-json\/wp\/v2\/product"}],"about":[{"href":"https:\/\/kingarms.ee\/lv\/wp-json\/wp\/v2\/types\/product"}],"wp:featuredmedia":[{"embeddable":true,"href":"https:\/\/kingarms.ee\/lv\/wp-json\/wp\/v2\/media\/125752"}],"wp:attachment":[{"href":"https:\/\/kingarms.ee\/lv\/wp-json\/wp\/v2\/media?parent=143205"}],"wp:term":[{"taxonomy":"product_brand","embeddable":true,"href":"https:\/\/kingarms.ee\/lv\/wp-json\/wp\/v2\/product_brand?post=143205"},{"taxonomy":"product_cat","embeddable":true,"href":"https:\/\/kingarms.ee\/lv\/wp-json\/wp\/v2\/product_cat?post=143205"},{"taxonomy":"product_tag","embeddable":true,"href":"https:\/\/kingarms.ee\/lv\/wp-json\/wp\/v2\/product_tag?post=143205"}],"curies":[{"name":"wp","href":"https:\/\/api.w.org\/{rel}","templated":true}]}}