{"id":143207,"date":"2022-11-28T18:51:56","date_gmt":"2025-01-08T10:03:30","guid":{"rendered":"https:\/\/kingarms.ee\/product\/dimanta-naza-asinamais-the-edge\/"},"modified":"2025-01-08T13:03:30","modified_gmt":"2025-01-08T10:03:30","slug":"diamond-knife-sharpener-the-edge","status":"publish","type":"product","link":"https:\/\/kingarms.ee\/lv\/product\/diamond-knife-sharpener-the-edge\/","title":{"rendered":"Dimanta na\u017ea asin\u0101mais [THE EDGE]"},"content":{"rendered":"","protected":false},"excerpt":{"rendered":"<p>Dimanta na\u017ea asin\u0101mais [THE EDGE]<\/p>\n<p>Edge Prosharp 10-30 \u00b0 ir dimanta asin\u0101\u0161anas sist\u0113ma, kas paredz\u0113ta, lai nodro\u0161in\u0101tu piln\u012bgu kontroli, \u0113rt\u012bbas un pareizu asin\u0101\u0161anas procesu. Asin\u0101t\u0101js ir apr\u012bkots ar 3 dimanta pl\u0101ksn\u0113m, 10-30 \u00b0 regul\u0113jamu le\u0146\u0137a vadotni un stabilu pamatni ar pies\u016bcekni. Tas \u013cauj asin\u0101t visus na\u017eus ar gludu asmeni, pat tiem, kuriem ir visaugst\u0101k\u0101 saciet\u0113\u0161anas pak\u0101pe, k\u0101 ar\u012b \u0161\u0137\u0113res. Ne tikai profesion\u0101\u013ci, bet visi da\u017ereiz n\u0101k asin\u0101t nazi, m\u0113s to varam izdar\u012bt prasm\u012bgi un prec\u012bzi, pareiz\u0101 un efekt\u012bv\u0101 veid\u0101.  <\/p>\n","protected":false},"featured_media":125714,"template":"","meta":{"_acf_changed":false},"product_brand":[],"product_cat":[1130],"product_tag":[],"class_list":{"0":"post-143207","1":"product","2":"type-product","3":"status-publish","4":"has-post-thumbnail","6":"product_cat-cits-lv","8":"first","9":"onbackorder","10":"product-type-simple"},"acf":[],"_links":{"self":[{"href":"https:\/\/kingarms.ee\/lv\/wp-json\/wp\/v2\/product\/143207","targetHints":{"allow":["GET"]}}],"collection":[{"href":"https:\/\/kingarms.ee\/lv\/wp-json\/wp\/v2\/product"}],"about":[{"href":"https:\/\/kingarms.ee\/lv\/wp-json\/wp\/v2\/types\/product"}],"wp:featuredmedia":[{"embeddable":true,"href":"https:\/\/kingarms.ee\/lv\/wp-json\/wp\/v2\/media\/125714"}],"wp:attachment":[{"href":"https:\/\/kingarms.ee\/lv\/wp-json\/wp\/v2\/media?parent=143207"}],"wp:term":[{"taxonomy":"product_brand","embeddable":true,"href":"https:\/\/kingarms.ee\/lv\/wp-json\/wp\/v2\/product_brand?post=143207"},{"taxonomy":"product_cat","embeddable":true,"href":"https:\/\/kingarms.ee\/lv\/wp-json\/wp\/v2\/product_cat?post=143207"},{"taxonomy":"product_tag","embeddable":true,"href":"https:\/\/kingarms.ee\/lv\/wp-json\/wp\/v2\/product_tag?post=143207"}],"curies":[{"name":"wp","href":"https:\/\/api.w.org\/{rel}","templated":true}]}}