{"id":143209,"date":"2022-11-28T18:51:56","date_gmt":"2025-01-08T10:04:16","guid":{"rendered":"https:\/\/kingarms.ee\/product\/celojuma-plits-esbit\/"},"modified":"2025-01-08T13:04:16","modified_gmt":"2025-01-08T10:04:16","slug":"travel-stove-esbit","status":"publish","type":"product","link":"https:\/\/kingarms.ee\/lv\/product\/travel-stove-esbit\/","title":{"rendered":"Ce\u013cojuma pl\u012bts [Esbit]"},"content":{"rendered":"","protected":false},"excerpt":{"rendered":"<p>Ce\u013cojuma pl\u012bts [Esbit]<\/p>\n<p>It is made of electroplated steel. It is to the electroplating process that it owes its resistance to corrosion and other destructive factors affecting steel.<br \/>\nIts design allows you to store the appropriate fuel cartridges inside the assembled stove. Turkl\u0101t tas ir paredz\u0113ts t\u0101, lai ieg\u016btu sava veida v\u0113ja vairogu, kad sienas tiek izv\u0113rstas.  <\/p>\n","protected":false},"featured_media":125748,"template":"","meta":{"_acf_changed":false},"product_brand":[],"product_cat":[1119],"product_tag":[],"class_list":{"0":"post-143209","1":"product","2":"type-product","3":"status-publish","4":"has-post-thumbnail","6":"product_cat-celojumu-preces","8":"first","9":"instock","10":"purchasable","11":"product-type-simple"},"acf":[],"_links":{"self":[{"href":"https:\/\/kingarms.ee\/lv\/wp-json\/wp\/v2\/product\/143209","targetHints":{"allow":["GET"]}}],"collection":[{"href":"https:\/\/kingarms.ee\/lv\/wp-json\/wp\/v2\/product"}],"about":[{"href":"https:\/\/kingarms.ee\/lv\/wp-json\/wp\/v2\/types\/product"}],"wp:featuredmedia":[{"embeddable":true,"href":"https:\/\/kingarms.ee\/lv\/wp-json\/wp\/v2\/media\/125748"}],"wp:attachment":[{"href":"https:\/\/kingarms.ee\/lv\/wp-json\/wp\/v2\/media?parent=143209"}],"wp:term":[{"taxonomy":"product_brand","embeddable":true,"href":"https:\/\/kingarms.ee\/lv\/wp-json\/wp\/v2\/product_brand?post=143209"},{"taxonomy":"product_cat","embeddable":true,"href":"https:\/\/kingarms.ee\/lv\/wp-json\/wp\/v2\/product_cat?post=143209"},{"taxonomy":"product_tag","embeddable":true,"href":"https:\/\/kingarms.ee\/lv\/wp-json\/wp\/v2\/product_tag?post=143209"}],"curies":[{"name":"wp","href":"https:\/\/api.w.org\/{rel}","templated":true}]}}