{"id":143217,"date":"2022-11-28T18:51:56","date_gmt":"2025-01-08T10:07:25","guid":{"rendered":"https:\/\/kingarms.ee\/product\/pro-ieroca-apkopes-ella-200-ml-walther\/"},"modified":"2025-01-08T13:07:25","modified_gmt":"2025-01-08T10:07:25","slug":"pro-weapon-maintenance-oil-200-ml-walther","status":"publish","type":"product","link":"https:\/\/kingarms.ee\/lv\/product\/pro-weapon-maintenance-oil-200-ml-walther\/","title":{"rendered":"Pro iero\u010da apkopes e\u013c\u013ca 200 ml Walther"},"content":{"rendered":"","protected":false},"excerpt":{"rendered":"<p>Pro iero\u010du apkopes e\u013c\u013ca 200 ml Walther Speci\u0101li izv\u0113l\u0113t\u0101 sast\u0101vs noz\u012bm\u0113, ka \u0161is sagatavojums ne tikai pal\u012bdz\u0113s no\u0146emt uzkr\u0101tos net\u012brumus, bet ar\u012b iee\u013c\u013cos iero\u010da kust\u012bg\u0101s da\u013cas un aizsarg\u0101 t\u0101s no nelabv\u0113l\u012bgiem laika apst\u0101k\u013ciem. Svar\u012bgi ir tas, ka e\u013c\u013ca labi iev\u0113ro saglab\u0101tos elementus, nodro\u0161inot to ilgtermi\u0146a aizsardz\u012bbu un t\u0101d\u0113j\u0101di vienk\u0101r\u0161ojot sekojo\u0161o iero\u010da t\u012br\u012b\u0161anu. Produkts tiek doz\u0113ts aerosola form\u0101, kas \u013cauj viegli pielietot pat gr\u016bti sasniedzamus elementus.<\/p>\n","protected":false},"featured_media":125716,"template":"","meta":{"_acf_changed":false},"product_brand":[],"product_cat":[1012],"product_tag":[],"class_list":{"0":"post-143217","1":"product","2":"type-product","3":"status-publish","4":"has-post-thumbnail","6":"product_cat-ierocu-uzturesana","8":"first","9":"onbackorder","10":"product-type-simple"},"acf":[],"_links":{"self":[{"href":"https:\/\/kingarms.ee\/lv\/wp-json\/wp\/v2\/product\/143217","targetHints":{"allow":["GET"]}}],"collection":[{"href":"https:\/\/kingarms.ee\/lv\/wp-json\/wp\/v2\/product"}],"about":[{"href":"https:\/\/kingarms.ee\/lv\/wp-json\/wp\/v2\/types\/product"}],"wp:featuredmedia":[{"embeddable":true,"href":"https:\/\/kingarms.ee\/lv\/wp-json\/wp\/v2\/media\/125716"}],"wp:attachment":[{"href":"https:\/\/kingarms.ee\/lv\/wp-json\/wp\/v2\/media?parent=143217"}],"wp:term":[{"taxonomy":"product_brand","embeddable":true,"href":"https:\/\/kingarms.ee\/lv\/wp-json\/wp\/v2\/product_brand?post=143217"},{"taxonomy":"product_cat","embeddable":true,"href":"https:\/\/kingarms.ee\/lv\/wp-json\/wp\/v2\/product_cat?post=143217"},{"taxonomy":"product_tag","embeddable":true,"href":"https:\/\/kingarms.ee\/lv\/wp-json\/wp\/v2\/product_tag?post=143217"}],"curies":[{"name":"wp","href":"https:\/\/api.w.org\/{rel}","templated":true}]}}