{"id":143219,"date":"2022-11-28T18:51:56","date_gmt":"2025-01-08T10:08:39","guid":{"rendered":"https:\/\/kingarms.ee\/product\/upgrade-komplekts-darbam-asai-precizitatei-pielagot-asinataju\/"},"modified":"2025-01-08T13:08:39","modified_gmt":"2025-01-08T10:08:39","slug":"upgrade-kit-for-work-sharp-precision-adjust-sharpener","status":"publish","type":"product","link":"https:\/\/kingarms.ee\/lv\/product\/upgrade-kit-for-work-sharp-precision-adjust-sharpener\/","title":{"rendered":"Upgrade komplekts darbam asai precizit\u0101tei Piel\u0101got asin\u0101t\u0101ju"},"content":{"rendered":"","protected":false},"excerpt":{"rendered":"<p>Upgrade Kit for Work Sharp Precision Adjust sharpener A set of additional sharpening elements for the Work Sharp Precision Adjust system. Includes three rods compatible with the system to ensure a constant sharpening angle: -The first contains diamond plates of 220, 320 and 400 gradation.<br \/>\n-The second is equipped with two diamond plates of 600 and 800 gradation, as well as a fine ceramic stone<br \/>\n-Tre\u0161ais ir \u0101das sv\u012btrains ieliktnis gal\u012bgai izl\u012bdzin\u0101\u0161anai un grie\u0161anas malas pul\u0113\u0161anai. No otras puses, tai ir keramikas josla, kas paredz\u0113ta serv\u0113tiem na\u017eiem.<\/p>\n","protected":false},"featured_media":125700,"template":"","meta":{"_acf_changed":false},"product_brand":[],"product_cat":[1130],"product_tag":[],"class_list":{"0":"post-143219","1":"product","2":"type-product","3":"status-publish","4":"has-post-thumbnail","6":"product_cat-cits-lv","8":"first","9":"instock","10":"purchasable","11":"product-type-simple"},"acf":[],"_links":{"self":[{"href":"https:\/\/kingarms.ee\/lv\/wp-json\/wp\/v2\/product\/143219","targetHints":{"allow":["GET"]}}],"collection":[{"href":"https:\/\/kingarms.ee\/lv\/wp-json\/wp\/v2\/product"}],"about":[{"href":"https:\/\/kingarms.ee\/lv\/wp-json\/wp\/v2\/types\/product"}],"wp:featuredmedia":[{"embeddable":true,"href":"https:\/\/kingarms.ee\/lv\/wp-json\/wp\/v2\/media\/125700"}],"wp:attachment":[{"href":"https:\/\/kingarms.ee\/lv\/wp-json\/wp\/v2\/media?parent=143219"}],"wp:term":[{"taxonomy":"product_brand","embeddable":true,"href":"https:\/\/kingarms.ee\/lv\/wp-json\/wp\/v2\/product_brand?post=143219"},{"taxonomy":"product_cat","embeddable":true,"href":"https:\/\/kingarms.ee\/lv\/wp-json\/wp\/v2\/product_cat?post=143219"},{"taxonomy":"product_tag","embeddable":true,"href":"https:\/\/kingarms.ee\/lv\/wp-json\/wp\/v2\/product_tag?post=143219"}],"curies":[{"name":"wp","href":"https:\/\/api.w.org\/{rel}","templated":true}]}}