{"id":143221,"date":"2022-11-28T18:51:56","date_gmt":"2025-01-08T10:09:29","guid":{"rendered":"https:\/\/kingarms.ee\/product\/cieta-degviela-12-x-14g-firedragon\/"},"modified":"2025-01-08T13:09:29","modified_gmt":"2025-01-08T10:09:29","slug":"solid-fuel-12-x-14g-firedragon","status":"publish","type":"product","link":"https:\/\/kingarms.ee\/lv\/product\/solid-fuel-12-x-14g-firedragon\/","title":{"rendered":"Cieta degviela 12 x 14g [Firedragon]"},"content":{"rendered":"","protected":false},"excerpt":{"rendered":"<p>Cieta degviela 12 x 14g [Firedragon]<\/p>\n<p>Cietas degvielas tabletes 12 x 14G raksturo \u013coti augsta veiktsp\u0113ja. Vi\u0146i nevainojami uzst\u0101sies ned\u0113\u013cas nogales izbraukuma laik\u0101 uz takas vai kempinga laik\u0101. Akt\u012bv\u0101 viela, ko sauc par heksametil\u0113netetram\u012bnu, ir baltu krist\u0101lu form\u0101, kas ir saspiesti liel\u0101kos kubi\u0146os. Tie\u0161i \u0161\u0101d\u0101 form\u0101 tie kalpo k\u0101 degvielas kasetne speci\u0101li izstr\u0101d\u0101t\u0101m kr\u0101sn\u012bm.   <\/p>\n","protected":false},"featured_media":125706,"template":"","meta":{"_acf_changed":false},"product_brand":[],"product_cat":[1119],"product_tag":[],"class_list":{"0":"post-143221","1":"product","2":"type-product","3":"status-publish","4":"has-post-thumbnail","6":"product_cat-celojumu-preces","8":"first","9":"instock","10":"purchasable","11":"product-type-simple"},"acf":[],"_links":{"self":[{"href":"https:\/\/kingarms.ee\/lv\/wp-json\/wp\/v2\/product\/143221","targetHints":{"allow":["GET"]}}],"collection":[{"href":"https:\/\/kingarms.ee\/lv\/wp-json\/wp\/v2\/product"}],"about":[{"href":"https:\/\/kingarms.ee\/lv\/wp-json\/wp\/v2\/types\/product"}],"wp:featuredmedia":[{"embeddable":true,"href":"https:\/\/kingarms.ee\/lv\/wp-json\/wp\/v2\/media\/125706"}],"wp:attachment":[{"href":"https:\/\/kingarms.ee\/lv\/wp-json\/wp\/v2\/media?parent=143221"}],"wp:term":[{"taxonomy":"product_brand","embeddable":true,"href":"https:\/\/kingarms.ee\/lv\/wp-json\/wp\/v2\/product_brand?post=143221"},{"taxonomy":"product_cat","embeddable":true,"href":"https:\/\/kingarms.ee\/lv\/wp-json\/wp\/v2\/product_cat?post=143221"},{"taxonomy":"product_tag","embeddable":true,"href":"https:\/\/kingarms.ee\/lv\/wp-json\/wp\/v2\/product_tag?post=143221"}],"curies":[{"name":"wp","href":"https:\/\/api.w.org\/{rel}","templated":true}]}}