{"id":143227,"date":"2022-10-17T15:47:21","date_gmt":"2025-01-08T10:27:46","guid":{"rendered":"https:\/\/kingarms.ee\/product\/mikrofons-m32-m32h-dzirdes-aizsardzibas-auss\/"},"modified":"2025-01-08T13:27:46","modified_gmt":"2025-01-08T10:27:46","slug":"microphone-for-m32-m32h-hearing-protection-earmor","status":"publish","type":"product","link":"https:\/\/kingarms.ee\/lv\/product\/microphone-for-m32-m32h-hearing-protection-earmor\/","title":{"rendered":"Mikrofons M32\/M32H dzirdes aizsardz\u012bbas auss"},"content":{"rendered":"","protected":false},"excerpt":{"rendered":"<p>Mikrofons M32\/M32H dzirdes aizsardz\u012bbas auss<\/p>\n<p>Laringofons par ausu M32 \/ M32H dzirdes aizsargiem, kas run\u0101 tie\u0161i no r\u012bkles, t\u0101d\u0113j\u0101di nodro\u0161inot skaidr\u0101ku komunik\u0101ciju trok\u0161\u0146ain\u0101 vid\u0113, klusu komunik\u0101ciju slepeno darb\u012bbu laik\u0101 vai kad m\u0113s izmantojam aizsarg\u0101jo\u0161\u0101s maskas bez mikrofona.<\/p>\n","protected":false},"featured_media":124504,"template":"","meta":{"_acf_changed":false},"product_brand":[],"product_cat":[1124],"product_tag":[],"class_list":{"0":"post-143227","1":"product","2":"type-product","3":"status-publish","4":"has-post-thumbnail","6":"product_cat-piederumi-lv","8":"first","9":"instock","10":"purchasable","11":"product-type-simple"},"acf":[],"_links":{"self":[{"href":"https:\/\/kingarms.ee\/lv\/wp-json\/wp\/v2\/product\/143227","targetHints":{"allow":["GET"]}}],"collection":[{"href":"https:\/\/kingarms.ee\/lv\/wp-json\/wp\/v2\/product"}],"about":[{"href":"https:\/\/kingarms.ee\/lv\/wp-json\/wp\/v2\/types\/product"}],"wp:featuredmedia":[{"embeddable":true,"href":"https:\/\/kingarms.ee\/lv\/wp-json\/wp\/v2\/media\/124504"}],"wp:attachment":[{"href":"https:\/\/kingarms.ee\/lv\/wp-json\/wp\/v2\/media?parent=143227"}],"wp:term":[{"taxonomy":"product_brand","embeddable":true,"href":"https:\/\/kingarms.ee\/lv\/wp-json\/wp\/v2\/product_brand?post=143227"},{"taxonomy":"product_cat","embeddable":true,"href":"https:\/\/kingarms.ee\/lv\/wp-json\/wp\/v2\/product_cat?post=143227"},{"taxonomy":"product_tag","embeddable":true,"href":"https:\/\/kingarms.ee\/lv\/wp-json\/wp\/v2\/product_tag?post=143227"}],"curies":[{"name":"wp","href":"https:\/\/api.w.org\/{rel}","templated":true}]}}