{"id":143229,"date":"2022-10-17T15:47:21","date_gmt":"2025-01-08T10:29:12","guid":{"rendered":"https:\/\/kingarms.ee\/product\/lock-prokure-spruda-valters\/"},"modified":"2025-01-08T13:29:12","modified_gmt":"2025-01-08T10:29:12","slug":"lock-prosecur-trigger-walther","status":"publish","type":"product","link":"https:\/\/kingarms.ee\/lv\/product\/lock-prosecur-trigger-walther\/","title":{"rendered":"Lock prokure spr\u016bda Valters"},"content":{"rendered":"","protected":false},"excerpt":{"rendered":"<p>Lock prokure spr\u016bda Walther Umarex Walther Prokur Trigger Lock<br \/>\nUmarex Walther prokurora spr\u016bda sl\u0113dzene aizsarg\u0101 j\u016bsu ieroci no neat\u013cautas lieto\u0161anas. Sl\u0113dzenei ir gumijas spilventi\u0146\u0161, kas \u012bpa\u0161i labi aizsarg\u0101 j\u016bsu pistoli un nov\u0113r\u0161 skr\u0101p\u0113jumus. Prokurora sl\u0113dzenei ir divas atsl\u0113gas.<\/p>\n","protected":false},"featured_media":124548,"template":"","meta":{"_acf_changed":false},"product_brand":[],"product_cat":[1034],"product_tag":[],"class_list":{"0":"post-143229","1":"product","2":"type-product","3":"status-publish","4":"has-post-thumbnail","6":"product_cat-saujamierocu-piederumi","8":"first","9":"instock","10":"purchasable","11":"product-type-simple"},"acf":[],"_links":{"self":[{"href":"https:\/\/kingarms.ee\/lv\/wp-json\/wp\/v2\/product\/143229","targetHints":{"allow":["GET"]}}],"collection":[{"href":"https:\/\/kingarms.ee\/lv\/wp-json\/wp\/v2\/product"}],"about":[{"href":"https:\/\/kingarms.ee\/lv\/wp-json\/wp\/v2\/types\/product"}],"wp:featuredmedia":[{"embeddable":true,"href":"https:\/\/kingarms.ee\/lv\/wp-json\/wp\/v2\/media\/124548"}],"wp:attachment":[{"href":"https:\/\/kingarms.ee\/lv\/wp-json\/wp\/v2\/media?parent=143229"}],"wp:term":[{"taxonomy":"product_brand","embeddable":true,"href":"https:\/\/kingarms.ee\/lv\/wp-json\/wp\/v2\/product_brand?post=143229"},{"taxonomy":"product_cat","embeddable":true,"href":"https:\/\/kingarms.ee\/lv\/wp-json\/wp\/v2\/product_cat?post=143229"},{"taxonomy":"product_tag","embeddable":true,"href":"https:\/\/kingarms.ee\/lv\/wp-json\/wp\/v2\/product_tag?post=143229"}],"curies":[{"name":"wp","href":"https:\/\/api.w.org\/{rel}","templated":true}]}}