{"id":143233,"date":"2022-12-29T15:34:26","date_gmt":"2025-01-08T10:35:32","guid":{"rendered":"https:\/\/kingarms.ee\/product\/tlr-7a-pistoles-lampa-straume\/"},"modified":"2025-01-08T13:35:32","modified_gmt":"2025-01-08T10:35:32","slug":"tlr-7a-pustolilamp-streamlight","status":"publish","type":"product","link":"https:\/\/kingarms.ee\/lv\/product\/tlr-7a-pustolilamp-streamlight\/","title":{"rendered":"TLR-7A pistoles lampa (straume)"},"content":{"rendered":"<p><img loading=\"lazy\" decoding=\"async\" class=\"alignnone size-full wp-image-69983\" src=\"https:\/\/kingarms.ee\/wp-content\/uploads\/2022\/12\/16__55695.png\" alt=\"\" width=\"1280\" height=\"1017\" srcset=\"https:\/\/kingarms.ee\/wp-content\/uploads\/2022\/12\/16__55695.png 1280w, https:\/\/kingarms.ee\/wp-content\/uploads\/2022\/12\/16__55695-300x238.png 300w, https:\/\/kingarms.ee\/wp-content\/uploads\/2022\/12\/16__55695-1024x814.png 1024w, https:\/\/kingarms.ee\/wp-content\/uploads\/2022\/12\/16__55695-768x610.png 768w, https:\/\/kingarms.ee\/wp-content\/uploads\/2022\/12\/16__55695-500x397.png 500w, https:\/\/kingarms.ee\/wp-content\/uploads\/2022\/12\/16__55695-150x119.png 150w\" sizes=\"auto, (max-width: 1280px) 100vw, 1280px\" \/><\/p>\n","protected":false},"excerpt":{"rendered":"<p><strong>TLR-7A pistoles lampa<\/strong><\/p>\n<p>Mazs un jaud\u012bgs 500 l\u016bmenu taktisks ar pistoles gaismas aizmugur\u0113jo sl\u0113dzi<br \/>\n500 l\u016bmeni; 140 m stars; ilgst 1,5 stundas<br \/>\nPiel\u0101gots optika ra\u017eo koncentr\u0113tu \u0101tri ar optim\u0101lu perif\u0113ro apgaismojumu<br \/>\nDivk\u0101r\u0161\u0101s iesl\u0113g\u0161anas\/izsl\u0113g\u0161anas sl\u0113dzis<br \/>\nTLR-7 modeli ar s\u0101nu sl\u0113dzi nevar uzst\u0101d\u012bt atpaka\u013c p\u0113c TLR-7A aizmugur\u0113j\u0101 sl\u0113d\u017ea mode\u013ciem<br \/>\nIzmanto vienu CR123A litija akumulatoru (iek\u013cauts)<br \/>\nDro\u0161a pagrieziena funkcija nov\u0113r\u0161 nejau\u0161u aktiviz\u0113\u0161anu; Ietaupa baterijas<br \/>\nAutobusa roktura skavas sist\u0113ma \u0101tri un dro\u0161i atdala\/atdal\u0101s bez instrumentiem un rok\u0101m, neliekot purnu<br \/>\nDro\u0161i piem\u0113rots ar pla\u0161u pilna lieluma un kompakto iero\u010du kl\u0101stu<br \/>\nIztur\u012bga anod\u0113ta apstr\u0101d\u0101ta alum\u012bnija strukt\u016bra<br \/>\nPieejams meln\u0101 un plakan\u0101 tum\u0161\u0101 zem\u0113 (FDE) kr\u0101s\u0101s<br \/>\nLietot\u0101js \u013c\u0101va strobofunction<br \/>\n6,55 cm; 68,1 g<br \/>\nIpx7 \u016bdensnecaurlaid\u012bgs l\u012bdz 1 m dzi\u013cumam 30 min\u016btes<\/p>\n","protected":false},"featured_media":126098,"template":"","meta":{"_acf_changed":false},"product_brand":[],"product_cat":[1037],"product_tag":[],"class_list":{"0":"post-143233","1":"product","2":"type-product","3":"status-publish","4":"has-post-thumbnail","6":"product_cat-lukturisi","8":"first","9":"onbackorder","10":"taxable","11":"shipping-taxable","12":"product-type-simple"},"acf":[],"_links":{"self":[{"href":"https:\/\/kingarms.ee\/lv\/wp-json\/wp\/v2\/product\/143233","targetHints":{"allow":["GET"]}}],"collection":[{"href":"https:\/\/kingarms.ee\/lv\/wp-json\/wp\/v2\/product"}],"about":[{"href":"https:\/\/kingarms.ee\/lv\/wp-json\/wp\/v2\/types\/product"}],"wp:featuredmedia":[{"embeddable":true,"href":"https:\/\/kingarms.ee\/lv\/wp-json\/wp\/v2\/media\/126098"}],"wp:attachment":[{"href":"https:\/\/kingarms.ee\/lv\/wp-json\/wp\/v2\/media?parent=143233"}],"wp:term":[{"taxonomy":"product_brand","embeddable":true,"href":"https:\/\/kingarms.ee\/lv\/wp-json\/wp\/v2\/product_brand?post=143233"},{"taxonomy":"product_cat","embeddable":true,"href":"https:\/\/kingarms.ee\/lv\/wp-json\/wp\/v2\/product_cat?post=143233"},{"taxonomy":"product_tag","embeddable":true,"href":"https:\/\/kingarms.ee\/lv\/wp-json\/wp\/v2\/product_tag?post=143233"}],"curies":[{"name":"wp","href":"https:\/\/api.w.org\/{rel}","templated":true}]}}