{"id":143234,"date":"2022-12-19T16:59:42","date_gmt":"2025-01-08T10:36:17","guid":{"rendered":"https:\/\/kingarms.ee\/product\/elektriska-sautene-m45-pistole-ares\/"},"modified":"2025-01-08T13:36:17","modified_gmt":"2025-01-08T10:36:17","slug":"electric-rifle-m45-pistol-ares","status":"publish","type":"product","link":"https:\/\/kingarms.ee\/lv\/product\/electric-rifle-m45-pistol-ares\/","title":{"rendered":"Elektrisk\u0101 \u0161autene M45 pistole [ARES]"},"content":{"rendered":"","protected":false},"excerpt":{"rendered":"<p>Elektrisk\u0101 \u0161autene M45 pistole [ARES]<\/p>\n<p>AEG Ares AR-083E<br \/>\nM4 45 Pistol X-klase<br \/>\nPilns met\u0101ls ar neilona \u0161\u0137iedru satv\u0113rienu un kr\u0101jumiem<br \/>\n55 un 125 k\u0101rtas dubult\u0101 zema v\u0101ci\u0146a \u017eurn\u0101li<br \/>\npastiprin\u0101ta met\u0101la p\u0101rnesumk\u0101rba<br \/>\npl\u0101ns augsts griezes motors<br \/>\nPiel\u0101gojams l\u0113ciens uz aug\u0161u<br \/>\nAlum\u012bnija rokas apsardze ar \u0101tru atbr\u012bvo\u0161anu<br \/>\nievelkams un salok\u0101ms kr\u0101jums<br \/>\nAkumulatora korpuss kr\u0101juma caurul\u0113<br \/>\nambidextrous uguns selektors<br \/>\ndro\u0161\u012bbas sl\u0113dzene<br \/>\nviens \u0161\u0101viens vai p\u0101rspr\u0101g\u0161ana<br \/>\nFlip-Up apskates objekti<br \/>\ngarums 360mm-520mm-605mm<br \/>\nSvars 2380g<\/p>\n","protected":false},"featured_media":125972,"template":"","meta":{"_acf_changed":false},"product_brand":[],"product_cat":[1001],"product_tag":[],"class_list":{"0":"post-143234","1":"product","2":"type-product","3":"status-publish","4":"has-post-thumbnail","6":"product_cat-tirdzniecibas-automati","8":"first","9":"instock","10":"sale","11":"purchasable","12":"product-type-simple"},"acf":[],"_links":{"self":[{"href":"https:\/\/kingarms.ee\/lv\/wp-json\/wp\/v2\/product\/143234","targetHints":{"allow":["GET"]}}],"collection":[{"href":"https:\/\/kingarms.ee\/lv\/wp-json\/wp\/v2\/product"}],"about":[{"href":"https:\/\/kingarms.ee\/lv\/wp-json\/wp\/v2\/types\/product"}],"wp:featuredmedia":[{"embeddable":true,"href":"https:\/\/kingarms.ee\/lv\/wp-json\/wp\/v2\/media\/125972"}],"wp:attachment":[{"href":"https:\/\/kingarms.ee\/lv\/wp-json\/wp\/v2\/media?parent=143234"}],"wp:term":[{"taxonomy":"product_brand","embeddable":true,"href":"https:\/\/kingarms.ee\/lv\/wp-json\/wp\/v2\/product_brand?post=143234"},{"taxonomy":"product_cat","embeddable":true,"href":"https:\/\/kingarms.ee\/lv\/wp-json\/wp\/v2\/product_cat?post=143234"},{"taxonomy":"product_tag","embeddable":true,"href":"https:\/\/kingarms.ee\/lv\/wp-json\/wp\/v2\/product_tag?post=143234"}],"curies":[{"name":"wp","href":"https:\/\/api.w.org\/{rel}","templated":true}]}}