{"id":143236,"date":"2022-11-28T19:52:22","date_gmt":"2025-01-08T10:40:24","guid":{"rendered":"https:\/\/kingarms.ee\/product\/prepar-carrier-beave-dcs-556-veste-warrior\/"},"modified":"2025-01-08T13:40:24","modified_gmt":"2025-01-08T10:40:24","slug":"plaadikandja-beez-dcs-5-56-vest-warrior","status":"publish","type":"product","link":"https:\/\/kingarms.ee\/lv\/product\/plaadikandja-beez-dcs-5-56-vest-warrior\/","title":{"rendered":"Prepar Carrier Beave DCS 5,56 veste (Warrior)"},"content":{"rendered":"<p><img loading=\"lazy\" decoding=\"async\" class=\"alignnone size-full wp-image-68533\" src=\"https:\/\/kingarms.ee\/wp-content\/uploads\/2022\/11\/DCS-G36-CT.jpeg\" alt=\"\" width=\"1000\" height=\"1000\" srcset=\"https:\/\/kingarms.ee\/wp-content\/uploads\/2022\/11\/DCS-G36-CT.jpeg 1000w, https:\/\/kingarms.ee\/wp-content\/uploads\/2022\/11\/DCS-G36-CT-300x300.jpeg 300w, https:\/\/kingarms.ee\/wp-content\/uploads\/2022\/11\/DCS-G36-CT-150x150.jpeg 150w, https:\/\/kingarms.ee\/wp-content\/uploads\/2022\/11\/DCS-G36-CT-768x768.jpeg 768w, https:\/\/kingarms.ee\/wp-content\/uploads\/2022\/11\/DCS-G36-CT-500x500.jpeg 500w\" sizes=\"auto, (max-width: 1000px) 100vw, 1000px\" \/><\/p>\n","protected":false},"excerpt":{"rendered":"<p>Board Carrier Be\u0161\u0101m DCS 5,56 veste (Warrior) DCS ir viegla zema profila sist\u0113ma, kas ir iztur\u012bga, bet kurai ir ergonomisks dizains, lai nodro\u0161in\u0101tu \u0101rk\u0101rtas komfortu un funkcionalit\u0101ti. Projekt\u0113jis Active S.F. ar tie\u0161u ievadi. DCS operatori ir piem\u0113roti gan \u012bpa\u0161o sp\u0113ku pras\u012bb\u0101m, gan PSD oper\u0101cij\u0101m. Pleci ir piln\u012bb\u0101 regul\u0113jami, un vien\u0101 pus\u0113 ir \u0101rk\u0101rtas atbr\u012bvo\u0161ana, kas izdala kreiso plecu un \u013cauj operatoram no\u0146emt apr\u012bkojumu, neno\u0146emot \u0137iveri. DC s\u0101nu da\u013cas ir piln\u012bb\u0101 regul\u0113jamas, un t\u0101s var piel\u0101got maz\u0101k nek\u0101 15 sekund\u0113s. 3D odere tiek izmantota, lai nodro\u0161in\u0101tu komfortu, un tas \u013cauj \u0137ermenim no\u0146emt \u0137ermeni no virsmas, vienlaikus pal\u012bdzot nodro\u0161in\u0101t dzes\u0113\u0161anu gaisa pl\u016bsm\u0101. DCS tika izstr\u0101d\u0101ts nodilumam ar Warrior PLB jostu, frag jostu un zema profila molle jostu (p\u0101rdots atsevi\u0161\u0137i). DCS G36 ir standarta 5 x atv\u0113rts pap\u012brs 5,56 mm G36 automa\u0123istr\u0101l\u0113m un 2 x nelielu komun\u0101lo pakalpojumu\/z\u0101\u013cu maisi\u0146u.<\/p>\n","protected":false},"featured_media":133165,"template":"","meta":{"_acf_changed":false},"product_brand":[],"product_cat":[1093],"product_tag":[],"class_list":{"0":"post-143236","1":"product","2":"type-product","3":"status-publish","4":"has-post-thumbnail","6":"product_cat-vestes-un-zirglietas","8":"first","9":"onbackorder","10":"taxable","11":"shipping-taxable","12":"product-type-simple"},"acf":[],"_links":{"self":[{"href":"https:\/\/kingarms.ee\/lv\/wp-json\/wp\/v2\/product\/143236","targetHints":{"allow":["GET"]}}],"collection":[{"href":"https:\/\/kingarms.ee\/lv\/wp-json\/wp\/v2\/product"}],"about":[{"href":"https:\/\/kingarms.ee\/lv\/wp-json\/wp\/v2\/types\/product"}],"wp:featuredmedia":[{"embeddable":true,"href":"https:\/\/kingarms.ee\/lv\/wp-json\/wp\/v2\/media\/133165"}],"wp:attachment":[{"href":"https:\/\/kingarms.ee\/lv\/wp-json\/wp\/v2\/media?parent=143236"}],"wp:term":[{"taxonomy":"product_brand","embeddable":true,"href":"https:\/\/kingarms.ee\/lv\/wp-json\/wp\/v2\/product_brand?post=143236"},{"taxonomy":"product_cat","embeddable":true,"href":"https:\/\/kingarms.ee\/lv\/wp-json\/wp\/v2\/product_cat?post=143236"},{"taxonomy":"product_tag","embeddable":true,"href":"https:\/\/kingarms.ee\/lv\/wp-json\/wp\/v2\/product_tag?post=143236"}],"curies":[{"name":"wp","href":"https:\/\/api.w.org\/{rel}","templated":true}]}}