{"id":143238,"date":"2022-11-28T18:51:56","date_gmt":"2025-01-08T10:43:16","guid":{"rendered":"https:\/\/kingarms.ee\/product\/termos-1300-ml-m-tac\/"},"modified":"2025-01-08T13:43:16","modified_gmt":"2025-01-08T10:43:16","slug":"termos-1300-ml-m-tac","status":"publish","type":"product","link":"https:\/\/kingarms.ee\/lv\/product\/termos-1300-ml-m-tac\/","title":{"rendered":"Termos 1300 ml [M-Tac]"},"content":{"rendered":"","protected":false},"excerpt":{"rendered":"<p>Termos 1300 ml [M-Tac]<\/p>\n<p>K\u0101 j\u016bs v\u0113laties justies p\u0113c iesp\u0113jas \u0113rt\u0101k, dodoties laukos vasar\u0101 vai ziem\u0101. M-TAS Brand Thermos ir viegla un praktiska p\u0101rg\u0101jiena iesp\u0113ja, kuru varat \u0146emt l\u012bdzi piknik\u0101, mak\u0161\u0137er\u0113\u0161an\u0101, automa\u0161\u012bn\u0101 vai ce\u013cojum\u0101 ar draugiem. Izgatavots no augstas kvalit\u0101tes ner\u016bs\u0113jo\u0161\u0101s p\u0101rtikas t\u0113rauda. Divk\u0101r\u0161\u0101s sienas dro\u0161i saglab\u0101 siltumu. Termosu aizver ar vakuuma v\u0101ku un aizver ar citu v\u0101ku, ko var izmantot k\u0101 kausu. Tas nodro\u0161ina absol\u016btu necaurlaid\u012bbu, un j\u016bsu iecien\u012bt\u0101kais dz\u0113riens neizpl\u016bd\u012bs. <\/p>\n","protected":false},"featured_media":130921,"template":"","meta":{"_acf_changed":false},"product_brand":[],"product_cat":[1119],"product_tag":[],"class_list":{"0":"post-143238","1":"product","2":"type-product","3":"status-publish","4":"has-post-thumbnail","6":"product_cat-celojumu-preces","8":"first","9":"instock","10":"purchasable","11":"product-type-simple"},"acf":[],"_links":{"self":[{"href":"https:\/\/kingarms.ee\/lv\/wp-json\/wp\/v2\/product\/143238","targetHints":{"allow":["GET"]}}],"collection":[{"href":"https:\/\/kingarms.ee\/lv\/wp-json\/wp\/v2\/product"}],"about":[{"href":"https:\/\/kingarms.ee\/lv\/wp-json\/wp\/v2\/types\/product"}],"wp:featuredmedia":[{"embeddable":true,"href":"https:\/\/kingarms.ee\/lv\/wp-json\/wp\/v2\/media\/130921"}],"wp:attachment":[{"href":"https:\/\/kingarms.ee\/lv\/wp-json\/wp\/v2\/media?parent=143238"}],"wp:term":[{"taxonomy":"product_brand","embeddable":true,"href":"https:\/\/kingarms.ee\/lv\/wp-json\/wp\/v2\/product_brand?post=143238"},{"taxonomy":"product_cat","embeddable":true,"href":"https:\/\/kingarms.ee\/lv\/wp-json\/wp\/v2\/product_cat?post=143238"},{"taxonomy":"product_tag","embeddable":true,"href":"https:\/\/kingarms.ee\/lv\/wp-json\/wp\/v2\/product_tag?post=143238"}],"curies":[{"name":"wp","href":"https:\/\/api.w.org\/{rel}","templated":true}]}}