{"id":143240,"date":"2022-11-21T15:53:15","date_gmt":"2025-01-08T10:44:06","guid":{"rendered":"https:\/\/kingarms.ee\/product\/lietderiebas-maisins-karaliski\/"},"modified":"2025-01-08T13:44:06","modified_gmt":"2025-01-08T10:44:06","slug":"utility-pouch-royal-11","status":"publish","type":"product","link":"https:\/\/kingarms.ee\/lv\/product\/utility-pouch-royal-11\/","title":{"rendered":"LietderieBas Maisi\u0146\u0161 karaliski"},"content":{"rendered":"","protected":false},"excerpt":{"rendered":"<p>LietderieBas Maisi\u0146\u0161 karaliski<\/p>\n<p>\u017durn\u0101la Maisi\u0146\u0161<\/p>\n<p>Ietilpiba 2x 5,56 vai 7,62 \u017durn\u0101li<\/p>\n<p>Materi\u0101la samta<\/p>\n<p>Klips un elastiege sl\u0101n\u0161ana<\/p>\n<p>Aizmugures molle sist\u0113ma<\/p>\n<p>izm\u0113ri 140 mm x 65 mm x 75 mm<\/p>\n<p>SVARS 70G<\/p>\n","protected":false},"featured_media":125520,"template":"","meta":{"_acf_changed":false},"product_brand":[],"product_cat":[1104,1098],"product_tag":[],"class_list":{"0":"post-143240","1":"product","2":"type-product","3":"status-publish","4":"has-post-thumbnail","6":"product_cat-kabatas","7":"product_cat-maisini-somas-un-siksnas","9":"first","10":"instock","11":"sale","12":"taxable","13":"shipping-taxable","14":"purchasable","15":"product-type-simple"},"acf":[],"_links":{"self":[{"href":"https:\/\/kingarms.ee\/lv\/wp-json\/wp\/v2\/product\/143240","targetHints":{"allow":["GET"]}}],"collection":[{"href":"https:\/\/kingarms.ee\/lv\/wp-json\/wp\/v2\/product"}],"about":[{"href":"https:\/\/kingarms.ee\/lv\/wp-json\/wp\/v2\/types\/product"}],"wp:featuredmedia":[{"embeddable":true,"href":"https:\/\/kingarms.ee\/lv\/wp-json\/wp\/v2\/media\/125520"}],"wp:attachment":[{"href":"https:\/\/kingarms.ee\/lv\/wp-json\/wp\/v2\/media?parent=143240"}],"wp:term":[{"taxonomy":"product_brand","embeddable":true,"href":"https:\/\/kingarms.ee\/lv\/wp-json\/wp\/v2\/product_brand?post=143240"},{"taxonomy":"product_cat","embeddable":true,"href":"https:\/\/kingarms.ee\/lv\/wp-json\/wp\/v2\/product_cat?post=143240"},{"taxonomy":"product_tag","embeddable":true,"href":"https:\/\/kingarms.ee\/lv\/wp-json\/wp\/v2\/product_tag?post=143240"}],"curies":[{"name":"wp","href":"https:\/\/api.w.org\/{rel}","templated":true}]}}