{"id":143258,"date":"2022-11-28T18:52:07","date_gmt":"2025-01-08T10:52:27","guid":{"rendered":"https:\/\/kingarms.ee\/product\/e28r-led-lukturitis-fenix\/"},"modified":"2025-01-08T13:52:27","modified_gmt":"2025-01-08T10:52:27","slug":"e28r-led-flashlight-fenix","status":"publish","type":"product","link":"https:\/\/kingarms.ee\/lv\/product\/e28r-led-flashlight-fenix\/","title":{"rendered":"E28R LED luktur\u012btis [Fenix]"},"content":{"rendered":"","protected":false},"excerpt":{"rendered":"<p>E28R LED luktur\u012btis [Fenix]<\/p>\n<p>Fenix E28R ir daudzpus\u012bgs EDC luktur\u012btis ar jaud\u012bgu 1500 l\u016bmenu gaismas izvadi, kas apr\u012bkota ar USB-C \u0101tras uzl\u0101des portu, praktiska jaudas l\u012bme\u0146a indikatoru un 3400 mAh ARB-L18-uzl\u0101d\u0113jamu akumulatoru. Fenix E28R ir v\u0113l viens EDC luktur\u012btis, kas Fenix z\u012bmola cien\u012bt\u0101jiem un l\u016bmenu medniekiem patiks. Pateicoties t\u0101 jaud\u012bgajai gaismas izejai, funkcionalit\u0101tei un vieglajam un paroc\u012bgajam dizainam.<\/p>\n","protected":false},"featured_media":125658,"template":"","meta":{"_acf_changed":false},"product_brand":[],"product_cat":[1037],"product_tag":[],"class_list":{"0":"post-143258","1":"product","2":"type-product","3":"status-publish","4":"has-post-thumbnail","6":"product_cat-lukturisi","8":"first","9":"instock","10":"purchasable","11":"product-type-simple"},"acf":[],"_links":{"self":[{"href":"https:\/\/kingarms.ee\/lv\/wp-json\/wp\/v2\/product\/143258","targetHints":{"allow":["GET"]}}],"collection":[{"href":"https:\/\/kingarms.ee\/lv\/wp-json\/wp\/v2\/product"}],"about":[{"href":"https:\/\/kingarms.ee\/lv\/wp-json\/wp\/v2\/types\/product"}],"wp:featuredmedia":[{"embeddable":true,"href":"https:\/\/kingarms.ee\/lv\/wp-json\/wp\/v2\/media\/125658"}],"wp:attachment":[{"href":"https:\/\/kingarms.ee\/lv\/wp-json\/wp\/v2\/media?parent=143258"}],"wp:term":[{"taxonomy":"product_brand","embeddable":true,"href":"https:\/\/kingarms.ee\/lv\/wp-json\/wp\/v2\/product_brand?post=143258"},{"taxonomy":"product_cat","embeddable":true,"href":"https:\/\/kingarms.ee\/lv\/wp-json\/wp\/v2\/product_cat?post=143258"},{"taxonomy":"product_tag","embeddable":true,"href":"https:\/\/kingarms.ee\/lv\/wp-json\/wp\/v2\/product_tag?post=143258"}],"curies":[{"name":"wp","href":"https:\/\/api.w.org\/{rel}","templated":true}]}}