{"id":143269,"date":"2022-11-14T16:49:08","date_gmt":"2025-01-08T11:05:59","guid":{"rendered":"https:\/\/kingarms.ee\/product\/mini-red-dot-aim-o\/"},"modified":"2025-01-08T14:05:59","modified_gmt":"2025-01-08T11:05:59","slug":"mini-red-dot-aim-o","status":"publish","type":"product","link":"https:\/\/kingarms.ee\/lv\/product\/mini-red-dot-aim-o\/","title":{"rendered":"Mini Red Dot AIM-O"},"content":{"rendered":"","protected":false},"excerpt":{"rendered":"<p>Mini Red Dot AIM-O<\/p>\n<p>Sarkanais punkts ar sarkanu apgaismojumu<br \/>\nalum\u012bnijs<br \/>\n5 spilgtuma l\u012bmenis<br \/>\nRegul\u0113jama bauma un pac\u0113lums<br \/>\nuzst\u0101diet standarta 20 mm slied\u0113m<br \/>\nIek\u013cauts Glock s\u0113rijas pistoles stiprin\u0101jums<br \/>\nRegul\u0113jama bauma un pac\u0113lums<br \/>\nKompakts un viegls dizains, ide\u0101li piem\u0113rots pistol\u0113m<br \/>\ngumijas aizsarg\u0101jo\u0161ais objekt\u012bvs p\u0101rkl\u0101j<br \/>\ndarbina 1x CR2032 akumulators (nav iek\u013cauts)<br \/>\nizm\u0113ri (l x w x h) 45 mm x 32 mm x 37 mm<br \/>\nSvars 60g<br \/>\npel\u0113ka kr\u0101sa<\/p>\n","protected":false},"featured_media":125228,"template":"","meta":{"_acf_changed":false},"product_brand":[],"product_cat":[1067],"product_tag":[],"class_list":{"0":"post-143269","1":"product","2":"type-product","3":"status-publish","4":"has-post-thumbnail","6":"product_cat-skats","8":"first","9":"instock","10":"purchasable","11":"product-type-simple"},"acf":[],"_links":{"self":[{"href":"https:\/\/kingarms.ee\/lv\/wp-json\/wp\/v2\/product\/143269","targetHints":{"allow":["GET"]}}],"collection":[{"href":"https:\/\/kingarms.ee\/lv\/wp-json\/wp\/v2\/product"}],"about":[{"href":"https:\/\/kingarms.ee\/lv\/wp-json\/wp\/v2\/types\/product"}],"wp:featuredmedia":[{"embeddable":true,"href":"https:\/\/kingarms.ee\/lv\/wp-json\/wp\/v2\/media\/125228"}],"wp:attachment":[{"href":"https:\/\/kingarms.ee\/lv\/wp-json\/wp\/v2\/media?parent=143269"}],"wp:term":[{"taxonomy":"product_brand","embeddable":true,"href":"https:\/\/kingarms.ee\/lv\/wp-json\/wp\/v2\/product_brand?post=143269"},{"taxonomy":"product_cat","embeddable":true,"href":"https:\/\/kingarms.ee\/lv\/wp-json\/wp\/v2\/product_cat?post=143269"},{"taxonomy":"product_tag","embeddable":true,"href":"https:\/\/kingarms.ee\/lv\/wp-json\/wp\/v2\/product_tag?post=143269"}],"curies":[{"name":"wp","href":"https:\/\/api.w.org\/{rel}","templated":true}]}}