{"id":143276,"date":"2022-11-14T16:48:58","date_gmt":"2025-01-08T11:09:19","guid":{"rendered":"https:\/\/kingarms.ee\/product\/botgun-shell-magazine-1x15-wosport\/"},"modified":"2025-08-03T16:37:57","modified_gmt":"2025-08-03T13:37:57","slug":"shotgun-shell-magazine-1x15-wosport","status":"publish","type":"product","link":"https:\/\/kingarms.ee\/lv\/product\/shotgun-shell-magazine-1x15-wosport\/","title":{"rendered":"Botgun Shell Magazine 1&#215;15 WOSPORT"},"content":{"rendered":"","protected":false},"excerpt":{"rendered":"<p>Botgun Shell Magazine 1&#215;15 WOSPORT<\/p>\n<p>\u0160\u0101viena \u010daulas \u017eurn\u0101ls<br \/>\njauda 15 k\u0101rtas<br \/>\nPiem\u0113rots s\u016bk\u0146u bis\u0113m, kas iz\u0161auj 1 BB<br \/>\nABS sve\u0137u uzb\u016bve<br \/>\n6 gabalu komplekts<br \/>\nviena bise apvalka dimensija: 70 mm x 23 mm<\/p>\n","protected":false},"featured_media":125312,"template":"","meta":{"_acf_changed":false},"product_brand":[],"product_cat":[1061],"product_tag":[],"class_list":{"0":"post-143276","1":"product","2":"type-product","3":"status-publish","4":"has-post-thumbnail","6":"product_cat-airsoft-lv","8":"first","9":"instock","10":"sale","11":"purchasable","12":"product-type-simple"},"acf":[],"_links":{"self":[{"href":"https:\/\/kingarms.ee\/lv\/wp-json\/wp\/v2\/product\/143276","targetHints":{"allow":["GET"]}}],"collection":[{"href":"https:\/\/kingarms.ee\/lv\/wp-json\/wp\/v2\/product"}],"about":[{"href":"https:\/\/kingarms.ee\/lv\/wp-json\/wp\/v2\/types\/product"}],"wp:featuredmedia":[{"embeddable":true,"href":"https:\/\/kingarms.ee\/lv\/wp-json\/wp\/v2\/media\/125312"}],"wp:attachment":[{"href":"https:\/\/kingarms.ee\/lv\/wp-json\/wp\/v2\/media?parent=143276"}],"wp:term":[{"taxonomy":"product_brand","embeddable":true,"href":"https:\/\/kingarms.ee\/lv\/wp-json\/wp\/v2\/product_brand?post=143276"},{"taxonomy":"product_cat","embeddable":true,"href":"https:\/\/kingarms.ee\/lv\/wp-json\/wp\/v2\/product_cat?post=143276"},{"taxonomy":"product_tag","embeddable":true,"href":"https:\/\/kingarms.ee\/lv\/wp-json\/wp\/v2\/product_tag?post=143276"}],"curies":[{"name":"wp","href":"https:\/\/api.w.org\/{rel}","templated":true}]}}