{"id":143287,"date":"2022-11-14T16:48:50","date_gmt":"2025-01-08T11:16:15","guid":{"rendered":"https:\/\/kingarms.ee\/product\/cnc-spruda-ar15-drukatas-modifikaja\/"},"modified":"2025-08-03T16:59:35","modified_gmt":"2025-08-03T13:59:35","slug":"cnc-trigger-ar15-typed-modify-3","status":"publish","type":"product","link":"https:\/\/kingarms.ee\/lv\/product\/cnc-trigger-ar15-typed-modify-3\/","title":{"rendered":"CNC Spr\u016bda AR15 Druk\u0101tas modifik\u0101ja"},"content":{"rendered":"","protected":false},"excerpt":{"rendered":"<p>CNC Spr\u016bda AR15 Druk\u0101tas modifik\u0101ja<\/p>\n<p>Spr\u016bda padomi D<br \/>\nAnod\u0113na alum\u012bnija Dural en AW 7075 B\u016bvniecieBa<br \/>\nIzgatavots ar cnc Ma\u0161\u012bn\u0101m<br \/>\nStandarta atbildes Spr\u016bda<br \/>\nParadz\u0113ts 2. Versija<\/p>\n","protected":false},"featured_media":125336,"template":"","meta":{"_acf_changed":false},"product_brand":[],"product_cat":[1107],"product_tag":[],"class_list":{"0":"post-143287","1":"product","2":"type-product","3":"status-publish","4":"has-post-thumbnail","6":"product_cat-noregulesana","8":"first","9":"instock","10":"purchasable","11":"product-type-simple"},"acf":[],"_links":{"self":[{"href":"https:\/\/kingarms.ee\/lv\/wp-json\/wp\/v2\/product\/143287","targetHints":{"allow":["GET"]}}],"collection":[{"href":"https:\/\/kingarms.ee\/lv\/wp-json\/wp\/v2\/product"}],"about":[{"href":"https:\/\/kingarms.ee\/lv\/wp-json\/wp\/v2\/types\/product"}],"wp:featuredmedia":[{"embeddable":true,"href":"https:\/\/kingarms.ee\/lv\/wp-json\/wp\/v2\/media\/125336"}],"wp:attachment":[{"href":"https:\/\/kingarms.ee\/lv\/wp-json\/wp\/v2\/media?parent=143287"}],"wp:term":[{"taxonomy":"product_brand","embeddable":true,"href":"https:\/\/kingarms.ee\/lv\/wp-json\/wp\/v2\/product_brand?post=143287"},{"taxonomy":"product_cat","embeddable":true,"href":"https:\/\/kingarms.ee\/lv\/wp-json\/wp\/v2\/product_cat?post=143287"},{"taxonomy":"product_tag","embeddable":true,"href":"https:\/\/kingarms.ee\/lv\/wp-json\/wp\/v2\/product_tag?post=143287"}],"curies":[{"name":"wp","href":"https:\/\/api.w.org\/{rel}","templated":true}]}}