{"id":143289,"date":"2022-11-14T16:48:42","date_gmt":"2025-01-08T11:16:57","guid":{"rendered":"https:\/\/kingarms.ee\/product\/cnc-spreja-m4-c-tipa-modifikacija\/"},"modified":"2025-08-03T17:07:54","modified_gmt":"2025-08-03T14:07:54","slug":"cnc-trigger-m4-type-cmodify","status":"publish","type":"product","link":"https:\/\/kingarms.ee\/lv\/product\/cnc-trigger-m4-type-cmodify\/","title":{"rendered":"CNC SPREJA M4 C TIPA MODIFIKACIJA"},"content":{"rendered":"","protected":false},"excerpt":{"rendered":"<p>CNC SPREJA M4 C TIPA MODIFIKACIJA<\/p>\n<p>Spr\u016bda c tipa<br \/>\nAnod\u0113na alum\u012bnija Dural en AW 7075 B\u016bvniecieBa<br \/>\nIzgatavots ar cnc Ma\u0161\u012bn\u0101m<br \/>\nStandarta atbildes Spr\u016bda<br \/>\nParadz\u0113ts 2. Versija<\/p>\n","protected":false},"featured_media":125388,"template":"","meta":{"_acf_changed":false},"product_brand":[],"product_cat":[1107],"product_tag":[],"class_list":{"0":"post-143289","1":"product","2":"type-product","3":"status-publish","4":"has-post-thumbnail","6":"product_cat-noregulesana","8":"first","9":"instock","10":"purchasable","11":"product-type-simple"},"acf":[],"_links":{"self":[{"href":"https:\/\/kingarms.ee\/lv\/wp-json\/wp\/v2\/product\/143289","targetHints":{"allow":["GET"]}}],"collection":[{"href":"https:\/\/kingarms.ee\/lv\/wp-json\/wp\/v2\/product"}],"about":[{"href":"https:\/\/kingarms.ee\/lv\/wp-json\/wp\/v2\/types\/product"}],"wp:featuredmedia":[{"embeddable":true,"href":"https:\/\/kingarms.ee\/lv\/wp-json\/wp\/v2\/media\/125388"}],"wp:attachment":[{"href":"https:\/\/kingarms.ee\/lv\/wp-json\/wp\/v2\/media?parent=143289"}],"wp:term":[{"taxonomy":"product_brand","embeddable":true,"href":"https:\/\/kingarms.ee\/lv\/wp-json\/wp\/v2\/product_brand?post=143289"},{"taxonomy":"product_cat","embeddable":true,"href":"https:\/\/kingarms.ee\/lv\/wp-json\/wp\/v2\/product_cat?post=143289"},{"taxonomy":"product_tag","embeddable":true,"href":"https:\/\/kingarms.ee\/lv\/wp-json\/wp\/v2\/product_tag?post=143289"}],"curies":[{"name":"wp","href":"https:\/\/api.w.org\/{rel}","templated":true}]}}