{"id":143307,"date":"2022-11-14T16:48:32","date_gmt":"2025-01-08T11:25:13","guid":{"rendered":"https:\/\/kingarms.ee\/product\/snaiperu-vidukla-iepakojums-emersongear\/"},"modified":"2025-08-03T17:27:23","modified_gmt":"2025-08-03T14:27:23","slug":"sniper-waist-packemersongear","status":"publish","type":"product","link":"https:\/\/kingarms.ee\/lv\/product\/sniper-waist-packemersongear\/","title":{"rendered":"Snaiperu viduk\u013ca iepakojums Emersongear"},"content":{"rendered":"","protected":false},"excerpt":{"rendered":"<p>Snaiperu viduk\u013ca iepakojums Emersongear<\/p>\n<p>Snaipera jostasvietas iepakojums par jostas punktu l\u012bdz 2,5 &#8221;<br \/>\nDivas maisi\u0146as ar velcroand klipa sl\u0113g\u0161anu<br \/>\nViens maisi\u0146\u0161 ar r\u0101v\u0113jsl\u0113dz\u0113ju<br \/>\nIek\u0161\u0113jais nodal\u012bjums ar 2Side Velcro un Clipopening<br \/>\nLegnth 61cm<br \/>\nAugstums 12cm<\/p>\n","protected":false},"featured_media":125218,"template":"","meta":{"_acf_changed":false},"product_brand":[],"product_cat":[1104],"product_tag":[],"class_list":{"0":"post-143307","1":"product","2":"type-product","3":"status-publish","4":"has-post-thumbnail","6":"product_cat-kabatas","8":"first","9":"instock","10":"purchasable","11":"product-type-simple"},"acf":[],"_links":{"self":[{"href":"https:\/\/kingarms.ee\/lv\/wp-json\/wp\/v2\/product\/143307","targetHints":{"allow":["GET"]}}],"collection":[{"href":"https:\/\/kingarms.ee\/lv\/wp-json\/wp\/v2\/product"}],"about":[{"href":"https:\/\/kingarms.ee\/lv\/wp-json\/wp\/v2\/types\/product"}],"wp:featuredmedia":[{"embeddable":true,"href":"https:\/\/kingarms.ee\/lv\/wp-json\/wp\/v2\/media\/125218"}],"wp:attachment":[{"href":"https:\/\/kingarms.ee\/lv\/wp-json\/wp\/v2\/media?parent=143307"}],"wp:term":[{"taxonomy":"product_brand","embeddable":true,"href":"https:\/\/kingarms.ee\/lv\/wp-json\/wp\/v2\/product_brand?post=143307"},{"taxonomy":"product_cat","embeddable":true,"href":"https:\/\/kingarms.ee\/lv\/wp-json\/wp\/v2\/product_cat?post=143307"},{"taxonomy":"product_tag","embeddable":true,"href":"https:\/\/kingarms.ee\/lv\/wp-json\/wp\/v2\/product_tag?post=143307"}],"curies":[{"name":"wp","href":"https:\/\/api.w.org\/{rel}","templated":true}]}}