{"id":143309,"date":"2022-10-31T15:13:51","date_gmt":"2025-01-08T11:26:16","guid":{"rendered":"https:\/\/kingarms.ee\/product\/garbergs-ar-daudzpakapju-apvalku-morakniv\/"},"modified":"2025-08-03T18:10:31","modified_gmt":"2025-08-03T15:10:31","slug":"garberg-s-with-multi-mount-sheath-morakniv","status":"publish","type":"product","link":"https:\/\/kingarms.ee\/lv\/product\/garberg-s-with-multi-mount-sheath-morakniv\/","title":{"rendered":"Garbergs ar daudzpak\u0101pju apvalku morakniv"},"content":{"rendered":"","protected":false},"excerpt":{"rendered":"<p>Garbergs ar daudzpak\u0101pju apvalku morakniv<\/p>\n<p>Asme\u0146u biezums: 3,2 mm<br \/>\nRoktura materi\u0101ls: poliam\u012bds (PA)<br \/>\nL\u0101psti\u0146as garums: 109 mm<br \/>\nFlex pak\u0101pe: st\u012bvs<br \/>\nNa\u017ea garums, 229 mm<br \/>\nL\u0101psti\u0146as materi\u0101ls: ner\u016bs\u0113jo\u0161ais t\u0113rauds<\/p>\n","protected":false},"featured_media":125042,"template":"","meta":{"_acf_changed":false},"product_brand":[],"product_cat":[1117],"product_tag":[],"class_list":{"0":"post-143309","1":"product","2":"type-product","3":"status-publish","4":"has-post-thumbnail","6":"product_cat-celojuma-nazi","8":"first","9":"instock","10":"purchasable","11":"product-type-simple"},"acf":[],"_links":{"self":[{"href":"https:\/\/kingarms.ee\/lv\/wp-json\/wp\/v2\/product\/143309","targetHints":{"allow":["GET"]}}],"collection":[{"href":"https:\/\/kingarms.ee\/lv\/wp-json\/wp\/v2\/product"}],"about":[{"href":"https:\/\/kingarms.ee\/lv\/wp-json\/wp\/v2\/types\/product"}],"wp:featuredmedia":[{"embeddable":true,"href":"https:\/\/kingarms.ee\/lv\/wp-json\/wp\/v2\/media\/125042"}],"wp:attachment":[{"href":"https:\/\/kingarms.ee\/lv\/wp-json\/wp\/v2\/media?parent=143309"}],"wp:term":[{"taxonomy":"product_brand","embeddable":true,"href":"https:\/\/kingarms.ee\/lv\/wp-json\/wp\/v2\/product_brand?post=143309"},{"taxonomy":"product_cat","embeddable":true,"href":"https:\/\/kingarms.ee\/lv\/wp-json\/wp\/v2\/product_cat?post=143309"},{"taxonomy":"product_tag","embeddable":true,"href":"https:\/\/kingarms.ee\/lv\/wp-json\/wp\/v2\/product_tag?post=143309"}],"curies":[{"name":"wp","href":"https:\/\/api.w.org\/{rel}","templated":true}]}}