{"id":143345,"date":"2022-10-24T13:45:19","date_gmt":"2025-01-08T11:58:48","guid":{"rendered":"https:\/\/kingarms.ee\/product\/poliuretana-lodes-100-gab-43-cal\/"},"modified":"2025-08-03T18:33:12","modified_gmt":"2025-08-03T15:33:12","slug":"polyurethane-bullets-100-pcs-43-cal","status":"publish","type":"product","link":"https:\/\/kingarms.ee\/lv\/product\/polyurethane-bullets-100-pcs-43-cal\/","title":{"rendered":"Poliuret\u0101na lodes 100 gab. 43 Cal."},"content":{"rendered":"","protected":false},"excerpt":{"rendered":"<p>T4E prakse PLB .43 mun\u012bcija ir lieliski piem\u0113rota atp\u016btas \u0161au\u0161anai m\u0113r\u0137os, reakt\u012bvos m\u0113r\u0137os, pudel\u0113s un kann\u0101s. Lodes ir izgatavotas no viegla poliuret\u0101na ar augstu ciet\u012bbu, kas tai dod labas iespie\u0161an\u0101s \u012bpa\u0161\u012bbas un lielu diapazonu. Piez\u012bme: fotograf\u0113\u0161anas laik\u0101 ieteicams valk\u0101t dro\u0161\u012bbas brilles.<\/p>\n","protected":false},"featured_media":124959,"template":"","meta":{"_acf_changed":false},"product_brand":[],"product_cat":[1049],"product_tag":[],"class_list":{"0":"post-143345","1":"product","2":"type-product","3":"status-publish","4":"has-post-thumbnail","6":"product_cat-gumijas-brankasss","8":"first","9":"instock","10":"purchasable","11":"product-type-simple"},"acf":[],"_links":{"self":[{"href":"https:\/\/kingarms.ee\/lv\/wp-json\/wp\/v2\/product\/143345","targetHints":{"allow":["GET"]}}],"collection":[{"href":"https:\/\/kingarms.ee\/lv\/wp-json\/wp\/v2\/product"}],"about":[{"href":"https:\/\/kingarms.ee\/lv\/wp-json\/wp\/v2\/types\/product"}],"wp:featuredmedia":[{"embeddable":true,"href":"https:\/\/kingarms.ee\/lv\/wp-json\/wp\/v2\/media\/124959"}],"wp:attachment":[{"href":"https:\/\/kingarms.ee\/lv\/wp-json\/wp\/v2\/media?parent=143345"}],"wp:term":[{"taxonomy":"product_brand","embeddable":true,"href":"https:\/\/kingarms.ee\/lv\/wp-json\/wp\/v2\/product_brand?post=143345"},{"taxonomy":"product_cat","embeddable":true,"href":"https:\/\/kingarms.ee\/lv\/wp-json\/wp\/v2\/product_cat?post=143345"},{"taxonomy":"product_tag","embeddable":true,"href":"https:\/\/kingarms.ee\/lv\/wp-json\/wp\/v2\/product_tag?post=143345"}],"curies":[{"name":"wp","href":"https:\/\/api.w.org\/{rel}","templated":true}]}}