{"id":143347,"date":"2022-10-24T13:45:19","date_gmt":"2025-01-08T11:59:52","guid":{"rendered":"https:\/\/kingarms.ee\/product\/solar-powerbank-5000mah-20w-xtorm\/"},"modified":"2025-08-03T18:34:00","modified_gmt":"2025-08-03T15:34:00","slug":"solar-powerbank-5000mah-20w-xtorm","status":"publish","type":"product","link":"https:\/\/kingarms.ee\/lv\/product\/solar-powerbank-5000mah-20w-xtorm\/","title":{"rendered":"Solar PowerBank 5000mah 20w XTorm"},"content":{"rendered":"","protected":false},"excerpt":{"rendered":"<p>Solar PowerBank 5000MAH 20W XTORM XTORM SOLAR l\u0101d\u0113t\u0101js 5000 ir nel\u012bdzens \u0101ra saules l\u0101d\u0113t\u0101js, kas b\u016bv\u0113ts t\u0101, lai ilgst. Tas dod jums br\u012bv\u012bbu un ener\u0123iju doties jebkur, padarot to ide\u0101lu visiem j\u016bsu piedz\u012bvojumiem. Saules l\u0101d\u0113t\u0101js ir apr\u012bkots ar 5000 mAh litija polim\u0113ra akumulatoru, kas ir pietiekami, lai vismaz divas reizes uzl\u0101d\u0113tu viedt\u0101lruni. Pats Saules l\u0101d\u0113t\u0101js var tikt uzl\u0101d\u0113ts divos veidos, izmantojot USB-C, vai vienk\u0101r\u0161i pa\u0146emot to \u0101r\u0101 un \u013caujot ieb\u016bv\u0113tajam saules panelim veikt savu darbu.<\/p>\n","protected":false},"featured_media":124890,"template":"","meta":{"_acf_changed":false},"product_brand":[],"product_cat":[1120],"product_tag":[],"class_list":{"0":"post-143347","1":"product","2":"type-product","3":"status-publish","4":"has-post-thumbnail","6":"product_cat-energijas-banka","8":"first","9":"onbackorder","10":"product-type-simple"},"acf":[],"_links":{"self":[{"href":"https:\/\/kingarms.ee\/lv\/wp-json\/wp\/v2\/product\/143347","targetHints":{"allow":["GET"]}}],"collection":[{"href":"https:\/\/kingarms.ee\/lv\/wp-json\/wp\/v2\/product"}],"about":[{"href":"https:\/\/kingarms.ee\/lv\/wp-json\/wp\/v2\/types\/product"}],"wp:featuredmedia":[{"embeddable":true,"href":"https:\/\/kingarms.ee\/lv\/wp-json\/wp\/v2\/media\/124890"}],"wp:attachment":[{"href":"https:\/\/kingarms.ee\/lv\/wp-json\/wp\/v2\/media?parent=143347"}],"wp:term":[{"taxonomy":"product_brand","embeddable":true,"href":"https:\/\/kingarms.ee\/lv\/wp-json\/wp\/v2\/product_brand?post=143347"},{"taxonomy":"product_cat","embeddable":true,"href":"https:\/\/kingarms.ee\/lv\/wp-json\/wp\/v2\/product_cat?post=143347"},{"taxonomy":"product_tag","embeddable":true,"href":"https:\/\/kingarms.ee\/lv\/wp-json\/wp\/v2\/product_tag?post=143347"}],"curies":[{"name":"wp","href":"https:\/\/api.w.org\/{rel}","templated":true}]}}