{"id":143350,"date":"2022-10-24T13:45:19","date_gmt":"2025-01-08T12:01:14","guid":{"rendered":"https:\/\/kingarms.ee\/product\/gumijas-lodes-500-gab-43-cal\/"},"modified":"2025-08-03T18:34:47","modified_gmt":"2025-08-03T15:34:47","slug":"rubber-bullets-500-pcs-43-cal","status":"publish","type":"product","link":"https:\/\/kingarms.ee\/lv\/product\/rubber-bullets-500-pcs-43-cal\/","title":{"rendered":"Gumijas lodes 500 gab. .43 Cal."},"content":{"rendered":"","protected":false},"excerpt":{"rendered":"<p>T4E Performance FAB .43 Gumijas lodes apm\u0101ca gumijas mun\u012bciju, kas ra\u017eota V\u0101cij\u0101, lai veiktu pa\u0161aizsardz\u012bbu, apm\u0101c\u012bbu un taktisko apm\u0101c\u012bbu ar RAM mar\u0137ieriem. T4E veiktsp\u0113jas FAB ir izgatavots no augstas bl\u012bvuma ciet\u0101s gumijas, dodot katrai gumijas lodei palielin\u0101tu svaru (pat 0,89 g) un liel\u0101ku apa\u013cu ener\u0123iju. Lodes tiek apstr\u0101d\u0101tas ar talku r\u016bpn\u012bc\u0101, kas samazina berzi un atce\u013c mucas iestr\u0113g\u0161anas risku. Sakar\u0101 ar augstu rikohetu l\u012bmeni, apm\u0101c\u012bbas laik\u0101 ieteicams aizsarg\u0101t aizsargbrilles.<\/p>\n","protected":false},"featured_media":124962,"template":"","meta":{"_acf_changed":false},"product_brand":[],"product_cat":[1049],"product_tag":[],"class_list":{"0":"post-143350","1":"product","2":"type-product","3":"status-publish","4":"has-post-thumbnail","6":"product_cat-gumijas-brankasss","8":"first","9":"onbackorder","10":"product-type-simple"},"acf":[],"_links":{"self":[{"href":"https:\/\/kingarms.ee\/lv\/wp-json\/wp\/v2\/product\/143350","targetHints":{"allow":["GET"]}}],"collection":[{"href":"https:\/\/kingarms.ee\/lv\/wp-json\/wp\/v2\/product"}],"about":[{"href":"https:\/\/kingarms.ee\/lv\/wp-json\/wp\/v2\/types\/product"}],"wp:featuredmedia":[{"embeddable":true,"href":"https:\/\/kingarms.ee\/lv\/wp-json\/wp\/v2\/media\/124962"}],"wp:attachment":[{"href":"https:\/\/kingarms.ee\/lv\/wp-json\/wp\/v2\/media?parent=143350"}],"wp:term":[{"taxonomy":"product_brand","embeddable":true,"href":"https:\/\/kingarms.ee\/lv\/wp-json\/wp\/v2\/product_brand?post=143350"},{"taxonomy":"product_cat","embeddable":true,"href":"https:\/\/kingarms.ee\/lv\/wp-json\/wp\/v2\/product_cat?post=143350"},{"taxonomy":"product_tag","embeddable":true,"href":"https:\/\/kingarms.ee\/lv\/wp-json\/wp\/v2\/product_tag?post=143350"}],"curies":[{"name":"wp","href":"https:\/\/api.w.org\/{rel}","templated":true}]}}