{"id":143355,"date":"2022-10-10T15:26:33","date_gmt":"2025-01-08T12:12:13","guid":{"rendered":"https:\/\/kingarms.ee\/product\/darbibas-joma-talumma-4x-objektiva-32-mm-melna\/"},"modified":"2025-01-08T15:12:13","modified_gmt":"2025-01-08T12:12:13","slug":"scope-zoom-4x-lens-32mm-black","status":"publish","type":"product","link":"https:\/\/kingarms.ee\/lv\/product\/scope-zoom-4x-lens-32mm-black\/","title":{"rendered":"Darb\u012bbas joma t\u0101lumma 4x objekt\u012bva 32 mm melna"},"content":{"rendered":"","protected":false},"excerpt":{"rendered":"<p>Kompakta tv\u0113rums<br \/>\nalum\u012bnija konstrukcija<br \/>\nobjekt\u012bva diametrs 32 mm<br \/>\nfiks\u0113ts t\u0101lummai\u0146a 4x<br \/>\n1 collas caurules diametrs<br \/>\n\u0161\u0137\u0113rsot t\u012bkli\u0146u, kas nav apgaismots<br \/>\nRegul\u0113jama bauma un pac\u0113lums<br \/>\nGredzeni ar stiprin\u0101jumu standarta 20 mm slied\u0113m<br \/>\nobjekt\u012bva aizsardz\u012bbas v\u0101ci\u0146i<br \/>\ngarums 280mm<br \/>\nSvars 340g<\/p>\n","protected":false},"featured_media":124050,"template":"","meta":{"_acf_changed":false},"product_brand":[],"product_cat":[1067],"product_tag":[],"class_list":{"0":"post-143355","1":"product","2":"type-product","3":"status-publish","4":"has-post-thumbnail","6":"product_cat-skats","8":"first","9":"instock","10":"purchasable","11":"product-type-simple"},"acf":[],"_links":{"self":[{"href":"https:\/\/kingarms.ee\/lv\/wp-json\/wp\/v2\/product\/143355","targetHints":{"allow":["GET"]}}],"collection":[{"href":"https:\/\/kingarms.ee\/lv\/wp-json\/wp\/v2\/product"}],"about":[{"href":"https:\/\/kingarms.ee\/lv\/wp-json\/wp\/v2\/types\/product"}],"wp:featuredmedia":[{"embeddable":true,"href":"https:\/\/kingarms.ee\/lv\/wp-json\/wp\/v2\/media\/124050"}],"wp:attachment":[{"href":"https:\/\/kingarms.ee\/lv\/wp-json\/wp\/v2\/media?parent=143355"}],"wp:term":[{"taxonomy":"product_brand","embeddable":true,"href":"https:\/\/kingarms.ee\/lv\/wp-json\/wp\/v2\/product_brand?post=143355"},{"taxonomy":"product_cat","embeddable":true,"href":"https:\/\/kingarms.ee\/lv\/wp-json\/wp\/v2\/product_cat?post=143355"},{"taxonomy":"product_tag","embeddable":true,"href":"https:\/\/kingarms.ee\/lv\/wp-json\/wp\/v2\/product_tag?post=143355"}],"curies":[{"name":"wp","href":"https:\/\/api.w.org\/{rel}","templated":true}]}}