{"id":143358,"date":"2022-10-10T15:26:23","date_gmt":"2025-01-08T12:41:20","guid":{"rendered":"https:\/\/kingarms.ee\/product\/sarkanais-punkts-2x-talummaina-42-mm-objektiva-js-taktiskais\/"},"modified":"2025-01-08T15:41:20","modified_gmt":"2025-01-08T12:41:20","slug":"red-dot-2x-zoom-42mm-lens-js-tactical","status":"publish","type":"product","link":"https:\/\/kingarms.ee\/lv\/product\/red-dot-2x-zoom-42mm-lens-js-tactical\/","title":{"rendered":"Sarkanais punkts 2x t\u0101lummai\u0146a 42 mm objekt\u012bva js-taktiskais"},"content":{"rendered":"","protected":false},"excerpt":{"rendered":"<p>Sarkanais punkts 2x t\u0101lummai\u0146a 42 mm objekt\u012bva js-taktiskais<\/p>\n<p>Sarkan\u0101 punkta pilna met\u0101la<br \/>\n42 mm objekt\u012bvs<br \/>\nFiks\u0113ts 2x t\u0101lummai\u0146a<br \/>\nSarkanais vai za\u013cais punkts ar 5 intensit\u0101tes l\u012bmeni<br \/>\nRegul\u0113jama bauma un pac\u0113lums<br \/>\nTie\u0161s stiprin\u0101jums standarta 20 mm slied\u0113m<br \/>\nsliedes papildu piederumiem<br \/>\npretrefleksa objekt\u012bvs<br \/>\nFlip-Up aizsardz\u012bbas v\u0101ci\u0146i<br \/>\ngarums 174mm<br \/>\nSvars 270g<br \/>\ntrieciena pier\u0101d\u012bjums un miglas pier\u0101d\u012bjums<\/p>\n","protected":false},"featured_media":134318,"template":"","meta":{"_acf_changed":false},"product_brand":[],"product_cat":[1067],"product_tag":[],"class_list":{"0":"post-143358","1":"product","2":"type-product","3":"status-publish","4":"has-post-thumbnail","6":"product_cat-skats","8":"first","9":"instock","10":"purchasable","11":"product-type-simple"},"acf":[],"_links":{"self":[{"href":"https:\/\/kingarms.ee\/lv\/wp-json\/wp\/v2\/product\/143358","targetHints":{"allow":["GET"]}}],"collection":[{"href":"https:\/\/kingarms.ee\/lv\/wp-json\/wp\/v2\/product"}],"about":[{"href":"https:\/\/kingarms.ee\/lv\/wp-json\/wp\/v2\/types\/product"}],"wp:featuredmedia":[{"embeddable":true,"href":"https:\/\/kingarms.ee\/lv\/wp-json\/wp\/v2\/media\/134318"}],"wp:attachment":[{"href":"https:\/\/kingarms.ee\/lv\/wp-json\/wp\/v2\/media?parent=143358"}],"wp:term":[{"taxonomy":"product_brand","embeddable":true,"href":"https:\/\/kingarms.ee\/lv\/wp-json\/wp\/v2\/product_brand?post=143358"},{"taxonomy":"product_cat","embeddable":true,"href":"https:\/\/kingarms.ee\/lv\/wp-json\/wp\/v2\/product_cat?post=143358"},{"taxonomy":"product_tag","embeddable":true,"href":"https:\/\/kingarms.ee\/lv\/wp-json\/wp\/v2\/product_tag?post=143358"}],"curies":[{"name":"wp","href":"https:\/\/api.w.org\/{rel}","templated":true}]}}