{"id":143360,"date":"2022-10-10T15:26:23","date_gmt":"2025-01-08T12:42:09","guid":{"rendered":"https:\/\/kingarms.ee\/product\/mini-sarkanais-punkts-melns-js-taktisks\/"},"modified":"2025-01-08T15:42:09","modified_gmt":"2025-01-08T12:42:09","slug":"mini-red-dot-black-js-tactical","status":"publish","type":"product","link":"https:\/\/kingarms.ee\/lv\/product\/mini-red-dot-black-js-tactical\/","title":{"rendered":"Mini sarkanais punkts melns js-taktisks"},"content":{"rendered":"","protected":false},"excerpt":{"rendered":"<p>Mini sarkanais punkts melns js-taktisks<\/p>\n<p>Mini sarkanais punkts<br \/>\nalum\u012bnija konstrukcija<br \/>\nTo var izmantot uz \u0161auten\u0113m un pistol\u0113m<br \/>\nvai apvienojum\u0101 ar palielin\u0101juma jom\u0101m<br \/>\nSarkanais punkts ar 5 regul\u0113jamu intensit\u0101tes l\u012bmeni<br \/>\nRegul\u0113jama bauma un pac\u0113lums<br \/>\nStandarta 20 mm sliedes stiprin\u0101jums<br \/>\nMount for Glock s\u0113rijas pistoles (atk\u0101rto aizmugures redzi)<br \/>\ngarums 45 mm<br \/>\naugstums (iek\u013cauts stiprin\u0101jums) 39 mm<br \/>\ngumijas v\u0101ci\u0146\u0161 neat\u0146emamam p\u0101rkl\u0101jumam<\/p>\n","protected":false},"featured_media":124141,"template":"","meta":{"_acf_changed":false},"product_brand":[],"product_cat":[1067],"product_tag":[],"class_list":{"0":"post-143360","1":"product","2":"type-product","3":"status-publish","4":"has-post-thumbnail","6":"product_cat-skats","8":"first","9":"instock","10":"purchasable","11":"product-type-simple"},"acf":[],"_links":{"self":[{"href":"https:\/\/kingarms.ee\/lv\/wp-json\/wp\/v2\/product\/143360","targetHints":{"allow":["GET"]}}],"collection":[{"href":"https:\/\/kingarms.ee\/lv\/wp-json\/wp\/v2\/product"}],"about":[{"href":"https:\/\/kingarms.ee\/lv\/wp-json\/wp\/v2\/types\/product"}],"wp:featuredmedia":[{"embeddable":true,"href":"https:\/\/kingarms.ee\/lv\/wp-json\/wp\/v2\/media\/124141"}],"wp:attachment":[{"href":"https:\/\/kingarms.ee\/lv\/wp-json\/wp\/v2\/media?parent=143360"}],"wp:term":[{"taxonomy":"product_brand","embeddable":true,"href":"https:\/\/kingarms.ee\/lv\/wp-json\/wp\/v2\/product_brand?post=143360"},{"taxonomy":"product_cat","embeddable":true,"href":"https:\/\/kingarms.ee\/lv\/wp-json\/wp\/v2\/product_cat?post=143360"},{"taxonomy":"product_tag","embeddable":true,"href":"https:\/\/kingarms.ee\/lv\/wp-json\/wp\/v2\/product_tag?post=143360"}],"curies":[{"name":"wp","href":"https:\/\/api.w.org\/{rel}","templated":true}]}}