{"id":143362,"date":"2022-10-10T15:26:07","date_gmt":"2025-01-08T12:44:05","guid":{"rendered":"https:\/\/kingarms.ee\/product\/dekorativa-katana\/"},"modified":"2025-01-08T15:44:05","modified_gmt":"2025-01-08T12:44:05","slug":"ornamental-katana-12","status":"publish","type":"product","link":"https:\/\/kingarms.ee\/lv\/product\/ornamental-katana-12\/","title":{"rendered":"Dekorat\u012bv\u0101 Katana"},"content":{"rendered":"","protected":false},"excerpt":{"rendered":"<p>Dekorat\u012bv\u0101 katana<br \/>\niedvesmots no Zenitsu Agatsuma zobena<br \/>\nDemon Slayer &#8211; Kimetsu no Yaiba anime s\u0113rija<br \/>\noglek\u013ca t\u0113rauda asmens<br \/>\nvirve p\u0101rkl\u0101ta koka tsuka<br \/>\nMet\u0101la tsuba<br \/>\nkoka \u0161\u0137emba<br \/>\nkop\u0113jais garums 965 mm (1035 ar p\u0101rsegu)<br \/>\nasmens garums 680mm<br \/>\ntsuka garums 280mm<br \/>\nSvars 670G (880 g ar p\u0101rsegu)<\/p>\n","protected":false},"featured_media":124323,"template":"","meta":{"_acf_changed":false},"product_brand":[],"product_cat":[1127],"product_tag":[],"class_list":{"0":"post-143362","1":"product","2":"type-product","3":"status-publish","4":"has-post-thumbnail","6":"product_cat-katana-tanto","8":"first","9":"instock","10":"purchasable","11":"product-type-simple"},"acf":[],"_links":{"self":[{"href":"https:\/\/kingarms.ee\/lv\/wp-json\/wp\/v2\/product\/143362","targetHints":{"allow":["GET"]}}],"collection":[{"href":"https:\/\/kingarms.ee\/lv\/wp-json\/wp\/v2\/product"}],"about":[{"href":"https:\/\/kingarms.ee\/lv\/wp-json\/wp\/v2\/types\/product"}],"wp:featuredmedia":[{"embeddable":true,"href":"https:\/\/kingarms.ee\/lv\/wp-json\/wp\/v2\/media\/124323"}],"wp:attachment":[{"href":"https:\/\/kingarms.ee\/lv\/wp-json\/wp\/v2\/media?parent=143362"}],"wp:term":[{"taxonomy":"product_brand","embeddable":true,"href":"https:\/\/kingarms.ee\/lv\/wp-json\/wp\/v2\/product_brand?post=143362"},{"taxonomy":"product_cat","embeddable":true,"href":"https:\/\/kingarms.ee\/lv\/wp-json\/wp\/v2\/product_cat?post=143362"},{"taxonomy":"product_tag","embeddable":true,"href":"https:\/\/kingarms.ee\/lv\/wp-json\/wp\/v2\/product_tag?post=143362"}],"curies":[{"name":"wp","href":"https:\/\/api.w.org\/{rel}","templated":true}]}}