{"id":143374,"date":"2022-09-25T12:37:27","date_gmt":"2025-01-08T12:52:54","guid":{"rendered":"https:\/\/kingarms.ee\/product\/mfh-27-gabalu-izdzivosanas-komplekts-kaste\/"},"modified":"2025-01-08T15:52:54","modified_gmt":"2025-01-08T12:52:54","slug":"mfh-27-osaline-ellujaamiskomplekt-karbis","status":"publish","type":"product","link":"https:\/\/kingarms.ee\/lv\/product\/mfh-27-osaline-ellujaamiskomplekt-karbis\/","title":{"rendered":"MFH 27 gabalu izdz\u012bvo\u0161anas komplekts kast\u0113"},"content":{"rendered":"<p><img loading=\"lazy\" decoding=\"async\" class=\"alignnone size-medium wp-image-62000\" src=\"https:\/\/kingarms.ee\/wp-content\/uploads\/2022\/09\/niezbednik-mfh-27-czesciowy-survivalowy-w-pudelku-539e1d4293434f6aa077014add57c6f5-5aa7426e-300x300.jpeg\" alt=\"\" width=\"300\" height=\"300\" srcset=\"https:\/\/kingarms.ee\/wp-content\/uploads\/2022\/09\/niezbednik-mfh-27-czesciowy-survivalowy-w-pudelku-539e1d4293434f6aa077014add57c6f5-5aa7426e-300x300.jpeg 300w, https:\/\/kingarms.ee\/wp-content\/uploads\/2022\/09\/niezbednik-mfh-27-czesciowy-survivalowy-w-pudelku-539e1d4293434f6aa077014add57c6f5-5aa7426e-150x150.jpeg 150w, https:\/\/kingarms.ee\/wp-content\/uploads\/2022\/09\/niezbednik-mfh-27-czesciowy-survivalowy-w-pudelku-539e1d4293434f6aa077014add57c6f5-5aa7426e-768x768.jpeg 768w, https:\/\/kingarms.ee\/wp-content\/uploads\/2022\/09\/niezbednik-mfh-27-czesciowy-survivalowy-w-pudelku-539e1d4293434f6aa077014add57c6f5-5aa7426e-500x500.jpeg 500w, https:\/\/kingarms.ee\/wp-content\/uploads\/2022\/09\/niezbednik-mfh-27-czesciowy-survivalowy-w-pudelku-539e1d4293434f6aa077014add57c6f5-5aa7426e.jpeg 900w\" sizes=\"auto, (max-width: 300px) 100vw, 300px\" \/><\/p>\n","protected":false},"excerpt":{"rendered":"<p>27 gabalu izdz\u012bvo\u0161anas komplekts izdz\u012bvo\u0161anas filozofijas kast\u0113 kast\u0113 ir sav\u0101kt visnepiecie\u0161am\u0101kos instrumentus kr\u012bzes situ\u0101cij\u0101s un iesai\u0146ot tos \u0113rt\u0101 \u0113rt\u0101 trauk\u0101, kas mums ir. Ja mums nav zin\u0101\u0161anu vai prakses, kas vajadz\u012bgas \u0161\u0101das paketes izveido\u0161anai, m\u0113s varam izmantot profesion\u0101\u013cu izstr\u0101d\u0101to gatavo produktu. Izdz\u012bvo\u0161anas komplekta MFH satur r\u016bp\u012bgi atlas\u012btus 27 elementus, kas iesai\u0146oti spilgt\u0101 kr\u0101s\u0101 iztur\u012bg\u0101 polim\u0113ru kast\u0113. Konteineram ir \u0113rta un \u0101tra sl\u0113g\u0161ana un putu pild\u012bjums, kas nom\u0101c vibr\u0101ciju un nov\u0113r\u0161 p\u0101rn\u0113s\u0101jamu lietu troksni. Pati kaste var darboties k\u0101 \u016bdens trauks, kad tas ir tuk\u0161s. Komplektu var piestiprin\u0101t pie jostas vai mugursomas ar skavu. Konteiners ar saturu sver 460 g, izm\u0113ri ir 65 \u00d7 135 \u00d7 45 mm.<\/p>\n","protected":false},"featured_media":132515,"template":"","meta":{"_acf_changed":false},"product_brand":[],"product_cat":[1119],"product_tag":[],"class_list":{"0":"post-143374","1":"product","2":"type-product","3":"status-publish","4":"has-post-thumbnail","6":"product_cat-celojumu-preces","8":"first","9":"instock","10":"taxable","11":"shipping-taxable","12":"purchasable","13":"product-type-simple"},"acf":[],"_links":{"self":[{"href":"https:\/\/kingarms.ee\/lv\/wp-json\/wp\/v2\/product\/143374","targetHints":{"allow":["GET"]}}],"collection":[{"href":"https:\/\/kingarms.ee\/lv\/wp-json\/wp\/v2\/product"}],"about":[{"href":"https:\/\/kingarms.ee\/lv\/wp-json\/wp\/v2\/types\/product"}],"wp:featuredmedia":[{"embeddable":true,"href":"https:\/\/kingarms.ee\/lv\/wp-json\/wp\/v2\/media\/132515"}],"wp:attachment":[{"href":"https:\/\/kingarms.ee\/lv\/wp-json\/wp\/v2\/media?parent=143374"}],"wp:term":[{"taxonomy":"product_brand","embeddable":true,"href":"https:\/\/kingarms.ee\/lv\/wp-json\/wp\/v2\/product_brand?post=143374"},{"taxonomy":"product_cat","embeddable":true,"href":"https:\/\/kingarms.ee\/lv\/wp-json\/wp\/v2\/product_cat?post=143374"},{"taxonomy":"product_tag","embeddable":true,"href":"https:\/\/kingarms.ee\/lv\/wp-json\/wp\/v2\/product_tag?post=143374"}],"curies":[{"name":"wp","href":"https:\/\/api.w.org\/{rel}","templated":true}]}}