{"id":143379,"date":"2022-09-25T12:14:34","date_gmt":"2025-01-08T12:54:10","guid":{"rendered":"https:\/\/kingarms.ee\/product\/zekes-melna-oranza\/"},"modified":"2025-01-08T15:54:10","modified_gmt":"2025-01-08T12:54:10","slug":"sokid-must-oranz","status":"publish","type":"product","link":"https:\/\/kingarms.ee\/lv\/product\/sokid-must-oranz\/","title":{"rendered":"Ze\u0137es &#8211; melna\/oran\u017ea"},"content":{"rendered":"<p><img loading=\"lazy\" decoding=\"async\" class=\"alignnone size-medium wp-image-61976\" src=\"https:\/\/kingarms.ee\/wp-content\/uploads\/2022\/09\/%D0%9D%D0%BE%D1%81%D0%BA%D0%B8_Remington_Hunting_Thick_Long_Socks_100_Den_Black_Orange_1-239x300.jpeg\" alt=\"\" width=\"239\" height=\"300\"><\/p>\n","protected":false},"excerpt":{"rendered":"<p>Ze\u0137es &#8211; melna\/oran\u017ea Remingtona med\u012bbu pl\u0101nas \u012bsas ze\u0137es 40 Den Black\/Orange ir \u0113rta un praktiska izv\u0113le med\u012bb\u0101m, mak\u0161\u0137er\u0113\u0161anai, p\u0101rg\u0101jieniem un ikdienas nodilumam. Ze\u0137es ir izgatavotas no 80% kokvilnas, 17% poliestera un 3% elast\u0101na. Vi\u0146i lieliski no\u0146em mitrumu, lai j\u016bs jebkur\u0101 gada laik\u0101 nej\u016btos diskomforts. Ze\u0137es Remingtonas med\u012bbas pl\u0101nas \u012bsas ze\u0137es 40 Den Black\/Orange ne deform\u0113 p\u0113c lieto\u0161anas vai mazg\u0101\u0161anas laik\u0101. Poliestera un elast\u0101na kombin\u0101cija nodro\u0161ina lielisku elast\u012bbu un \u0113rtu piem\u0113rot\u012bbu produktam.<\/p>\n<p>&nbsp;<\/p>\n","protected":false},"featured_media":133255,"template":"","meta":{"_acf_changed":false},"product_brand":[],"product_cat":[1072],"product_tag":[],"class_list":{"0":"post-143379","1":"product","2":"type-product","3":"status-publish","4":"has-post-thumbnail","6":"product_cat-zabaki","8":"first","9":"instock","10":"sale","11":"taxable","12":"shipping-taxable","13":"purchasable","14":"product-type-variable"},"acf":[],"_links":{"self":[{"href":"https:\/\/kingarms.ee\/lv\/wp-json\/wp\/v2\/product\/143379","targetHints":{"allow":["GET"]}}],"collection":[{"href":"https:\/\/kingarms.ee\/lv\/wp-json\/wp\/v2\/product"}],"about":[{"href":"https:\/\/kingarms.ee\/lv\/wp-json\/wp\/v2\/types\/product"}],"wp:featuredmedia":[{"embeddable":true,"href":"https:\/\/kingarms.ee\/lv\/wp-json\/wp\/v2\/media\/133255"}],"wp:attachment":[{"href":"https:\/\/kingarms.ee\/lv\/wp-json\/wp\/v2\/media?parent=143379"}],"wp:term":[{"taxonomy":"product_brand","embeddable":true,"href":"https:\/\/kingarms.ee\/lv\/wp-json\/wp\/v2\/product_brand?post=143379"},{"taxonomy":"product_cat","embeddable":true,"href":"https:\/\/kingarms.ee\/lv\/wp-json\/wp\/v2\/product_cat?post=143379"},{"taxonomy":"product_tag","embeddable":true,"href":"https:\/\/kingarms.ee\/lv\/wp-json\/wp\/v2\/product_tag?post=143379"}],"curies":[{"name":"wp","href":"https:\/\/api.w.org\/{rel}","templated":true}]}}