{"id":143391,"date":"2022-09-21T14:39:35","date_gmt":"2025-01-08T12:56:52","guid":{"rendered":"https:\/\/kingarms.ee\/product\/pistoles-skapis-s-25-ep\/"},"modified":"2025-01-08T15:56:52","modified_gmt":"2025-01-08T12:56:52","slug":"relvakapp-s-25-ep","status":"publish","type":"product","link":"https:\/\/kingarms.ee\/lv\/product\/relvakapp-s-25-ep\/","title":{"rendered":"Pistoles skapis S.25.ep"},"content":{"rendered":"<p>Pistoles skapis S.25.ep<\/p>\n<p><img loading=\"lazy\" decoding=\"async\" class=\"alignnone size-medium wp-image-61910\" src=\"https:\/\/kingarms.ee\/wp-content\/uploads\/2022\/09\/S.25.EP-1000x1000-500x500-1-300x300.jpeg\" alt=\"\" width=\"300\" height=\"300\" srcset=\"https:\/\/kingarms.ee\/wp-content\/uploads\/2022\/09\/S.25.EP-1000x1000-500x500-1-300x300.jpeg 300w, https:\/\/kingarms.ee\/wp-content\/uploads\/2022\/09\/S.25.EP-1000x1000-500x500-1-150x150.jpeg 150w, https:\/\/kingarms.ee\/wp-content\/uploads\/2022\/09\/S.25.EP-1000x1000-500x500-1.jpeg 500w\" sizes=\"auto, (max-width: 300px) 100vw, 300px\" \/><\/p>\n","protected":false},"excerpt":{"rendered":"<p>\u0136erme\u0146a un durvju biezums 3 mm!<br \/>\nIek\u0161\u0113j\u0101 blo\u0137\u0113jama kaste.<br \/>\nM\u012bkst\u0101 pistoles atbalsts diviem iero\u010diem<br \/>\nEnkura atv\u0113rumu gatav\u012bba: pamatne un aizmugur\u0113j\u0101 siena (sakauj enkura atveri ar torni)<\/p>\n<p>M\u0101jas blo\u0137\u0113\u0161anas elektronisk\u0101 koda blo\u0137\u0113\u0161ana<br \/>\n\u0100r\u0113jie izm\u0113ri KXLX (mm) 250x350x260<br \/>\nIzm\u0113ra izm\u0113ri KXLXS (mm) 244x344x205<br \/>\nKr\u0101sa RAL 7016, RAL 9001<br \/>\nSvars (kg) 16<br \/>\nS\u0113jums (L) 17<\/p>\n","protected":false},"featured_media":123510,"template":"","meta":{"_acf_changed":false},"product_brand":[],"product_cat":[1126],"product_tag":[],"class_list":{"0":"post-143391","1":"product","2":"type-product","3":"status-publish","4":"has-post-thumbnail","6":"product_cat-seifs","8":"first","9":"onbackorder","10":"taxable","11":"shipping-taxable","12":"product-type-simple"},"acf":[],"_links":{"self":[{"href":"https:\/\/kingarms.ee\/lv\/wp-json\/wp\/v2\/product\/143391","targetHints":{"allow":["GET"]}}],"collection":[{"href":"https:\/\/kingarms.ee\/lv\/wp-json\/wp\/v2\/product"}],"about":[{"href":"https:\/\/kingarms.ee\/lv\/wp-json\/wp\/v2\/types\/product"}],"wp:featuredmedia":[{"embeddable":true,"href":"https:\/\/kingarms.ee\/lv\/wp-json\/wp\/v2\/media\/123510"}],"wp:attachment":[{"href":"https:\/\/kingarms.ee\/lv\/wp-json\/wp\/v2\/media?parent=143391"}],"wp:term":[{"taxonomy":"product_brand","embeddable":true,"href":"https:\/\/kingarms.ee\/lv\/wp-json\/wp\/v2\/product_brand?post=143391"},{"taxonomy":"product_cat","embeddable":true,"href":"https:\/\/kingarms.ee\/lv\/wp-json\/wp\/v2\/product_cat?post=143391"},{"taxonomy":"product_tag","embeddable":true,"href":"https:\/\/kingarms.ee\/lv\/wp-json\/wp\/v2\/product_tag?post=143391"}],"curies":[{"name":"wp","href":"https:\/\/api.w.org\/{rel}","templated":true}]}}