{"id":143399,"date":"2022-07-18T12:57:41","date_gmt":"2025-01-08T13:03:40","guid":{"rendered":"https:\/\/kingarms.ee\/product\/dekorativais-komplekts-katana-wakizashi-tanto-sarkans\/"},"modified":"2025-01-08T16:03:40","modified_gmt":"2025-01-08T13:03:40","slug":"dekorativa-katana-wakizashi-tanto-sarkana-krasa","status":"publish","type":"product","link":"https:\/\/kingarms.ee\/lv\/product\/dekorativa-katana-wakizashi-tanto-sarkana-krasa\/","title":{"rendered":"Dekorat\u012bvais komplekts katana-wakizashi-tanto sarkans"},"content":{"rendered":"","protected":false},"excerpt":{"rendered":"<p>Dekorat\u012bvais komplekts 3 gabali<br \/>\nKatana kop\u0113jais garums 100 cm asmens garums 65cm<br \/>\nWakizashi kop\u0113jais garums 78cm asmens garums 45cm<br \/>\nTanto kop\u0113jais garums 55cm asmens garums 25cm<br \/>\nKoka v\u0101ks ar p\u016b\u0137a gravi sarkanu<br \/>\nMet\u0101la tsuba<br \/>\nKoka stat\u012bvs ir iek\u013cauts<br \/>\nSarkana kr\u0101sa<\/p>\n","protected":false},"featured_media":123025,"template":"","meta":{"_acf_changed":false},"product_brand":[],"product_cat":[1127],"product_tag":[],"class_list":{"0":"post-143399","1":"product","2":"type-product","3":"status-publish","4":"has-post-thumbnail","6":"product_cat-katana-tanto","8":"first","9":"onbackorder","10":"taxable","11":"shipping-taxable","12":"product-type-simple"},"acf":[],"_links":{"self":[{"href":"https:\/\/kingarms.ee\/lv\/wp-json\/wp\/v2\/product\/143399","targetHints":{"allow":["GET"]}}],"collection":[{"href":"https:\/\/kingarms.ee\/lv\/wp-json\/wp\/v2\/product"}],"about":[{"href":"https:\/\/kingarms.ee\/lv\/wp-json\/wp\/v2\/types\/product"}],"wp:featuredmedia":[{"embeddable":true,"href":"https:\/\/kingarms.ee\/lv\/wp-json\/wp\/v2\/media\/123025"}],"wp:attachment":[{"href":"https:\/\/kingarms.ee\/lv\/wp-json\/wp\/v2\/media?parent=143399"}],"wp:term":[{"taxonomy":"product_brand","embeddable":true,"href":"https:\/\/kingarms.ee\/lv\/wp-json\/wp\/v2\/product_brand?post=143399"},{"taxonomy":"product_cat","embeddable":true,"href":"https:\/\/kingarms.ee\/lv\/wp-json\/wp\/v2\/product_cat?post=143399"},{"taxonomy":"product_tag","embeddable":true,"href":"https:\/\/kingarms.ee\/lv\/wp-json\/wp\/v2\/product_tag?post=143399"}],"curies":[{"name":"wp","href":"https:\/\/api.w.org\/{rel}","templated":true}]}}