{"id":143407,"date":"2022-05-19T03:11:36","date_gmt":"2025-01-08T13:08:24","guid":{"rendered":"https:\/\/kingarms.ee\/product\/atra-atdalisanas-lielais-pukis\/"},"modified":"2025-01-08T16:08:24","modified_gmt":"2025-01-08T13:08:24","slug":"lielas-dzirnavas-quick-detah","status":"publish","type":"product","link":"https:\/\/kingarms.ee\/lv\/product\/lielas-dzirnavas-quick-detah\/","title":{"rendered":"\u0100tra atdal\u012b\u0161an\u0101s lielais p\u016b\u0137is"},"content":{"rendered":"","protected":false},"excerpt":{"rendered":"<p>\u0100tra atdal\u012b\u0161an\u0101s lielais p\u016b\u0137is<\/p>\n<p>\u0100tra atdal\u012b\u0161an\u0101s<br \/>\nPolim\u0113rs ar met\u0101la stiprin\u0101jumu<br \/>\nPiem\u0113rots standarta 20 mm slied\u0113m<br \/>\nIek\u0161\u0113j\u0101s telpas bateriju tur\u0113t\u0101js<br \/>\nIzm\u0113ri 123 x 50 x 63 mm<br \/>\nSvars 120g<\/p>\n","protected":false},"featured_media":134300,"template":"","meta":{"_acf_changed":false},"product_brand":[],"product_cat":[1089],"product_tag":[],"class_list":{"0":"post-143407","1":"product","2":"type-product","3":"status-publish","4":"has-post-thumbnail","6":"product_cat-rokturi-gredzeni-jostas","8":"first","9":"instock","10":"purchasable","11":"product-type-simple"},"acf":[],"_links":{"self":[{"href":"https:\/\/kingarms.ee\/lv\/wp-json\/wp\/v2\/product\/143407","targetHints":{"allow":["GET"]}}],"collection":[{"href":"https:\/\/kingarms.ee\/lv\/wp-json\/wp\/v2\/product"}],"about":[{"href":"https:\/\/kingarms.ee\/lv\/wp-json\/wp\/v2\/types\/product"}],"wp:featuredmedia":[{"embeddable":true,"href":"https:\/\/kingarms.ee\/lv\/wp-json\/wp\/v2\/media\/134300"}],"wp:attachment":[{"href":"https:\/\/kingarms.ee\/lv\/wp-json\/wp\/v2\/media?parent=143407"}],"wp:term":[{"taxonomy":"product_brand","embeddable":true,"href":"https:\/\/kingarms.ee\/lv\/wp-json\/wp\/v2\/product_brand?post=143407"},{"taxonomy":"product_cat","embeddable":true,"href":"https:\/\/kingarms.ee\/lv\/wp-json\/wp\/v2\/product_cat?post=143407"},{"taxonomy":"product_tag","embeddable":true,"href":"https:\/\/kingarms.ee\/lv\/wp-json\/wp\/v2\/product_tag?post=143407"}],"curies":[{"name":"wp","href":"https:\/\/api.w.org\/{rel}","templated":true}]}}