{"id":143408,"date":"2022-05-19T03:11:36","date_gmt":"2025-01-08T13:09:30","guid":{"rendered":"https:\/\/kingarms.ee\/product\/45-gradu-stiprinajums-lazera-vai-lukturisa-lielam-pukim\/"},"modified":"2025-01-08T16:09:30","modified_gmt":"2025-01-08T13:09:30","slug":"liela-dzirnava-45-gradus","status":"publish","type":"product","link":"https:\/\/kingarms.ee\/lv\/product\/liela-dzirnava-45-gradus\/","title":{"rendered":"45 gr\u0101du stiprin\u0101jums l\u0101zera vai luktur\u012b\u0161a lielam p\u016b\u0137im"},"content":{"rendered":"","protected":false},"excerpt":{"rendered":"<p>45 gr\u0101du stiprin\u0101jums l\u0101zera vai luktur\u012b\u0161a lielam p\u016b\u0137im<\/p>\n<p>45 gr\u0101du stiprin\u0101jums l\u0101zeram o luktur\u012b\u0161a<br \/>\n1 collas caurule<br \/>\n20 mm standarta slied\u0113m<br \/>\nPilns met\u0101ls<br \/>\nIek\u013cauta mont\u0101\u017eas aparat\u016bra<br \/>\nSvars 50G<\/p>\n","protected":false},"featured_media":120343,"template":"","meta":{"_acf_changed":false},"product_brand":[],"product_cat":[1129],"product_tag":[],"class_list":{"0":"post-143408","1":"product","2":"type-product","3":"status-publish","4":"has-post-thumbnail","6":"product_cat-rezerves-dalas","8":"first","9":"instock","10":"purchasable","11":"product-type-simple"},"acf":[],"_links":{"self":[{"href":"https:\/\/kingarms.ee\/lv\/wp-json\/wp\/v2\/product\/143408","targetHints":{"allow":["GET"]}}],"collection":[{"href":"https:\/\/kingarms.ee\/lv\/wp-json\/wp\/v2\/product"}],"about":[{"href":"https:\/\/kingarms.ee\/lv\/wp-json\/wp\/v2\/types\/product"}],"wp:featuredmedia":[{"embeddable":true,"href":"https:\/\/kingarms.ee\/lv\/wp-json\/wp\/v2\/media\/120343"}],"wp:attachment":[{"href":"https:\/\/kingarms.ee\/lv\/wp-json\/wp\/v2\/media?parent=143408"}],"wp:term":[{"taxonomy":"product_brand","embeddable":true,"href":"https:\/\/kingarms.ee\/lv\/wp-json\/wp\/v2\/product_brand?post=143408"},{"taxonomy":"product_cat","embeddable":true,"href":"https:\/\/kingarms.ee\/lv\/wp-json\/wp\/v2\/product_cat?post=143408"},{"taxonomy":"product_tag","embeddable":true,"href":"https:\/\/kingarms.ee\/lv\/wp-json\/wp\/v2\/product_tag?post=143408"}],"curies":[{"name":"wp","href":"https:\/\/api.w.org\/{rel}","templated":true}]}}