{"id":143410,"date":"2022-05-19T03:11:36","date_gmt":"2025-01-08T13:10:21","guid":{"rendered":"https:\/\/kingarms.ee\/product\/daudzfunkciju-riklodzina-32-1-metala\/"},"modified":"2025-01-08T16:10:21","modified_gmt":"2025-01-08T13:10:21","slug":"daudzfunkciju-toolbox-32-in-1-metal","status":"publish","type":"product","link":"https:\/\/kingarms.ee\/lv\/product\/daudzfunkciju-toolbox-32-in-1-metal\/","title":{"rendered":"Daudzfunkciju r\u012bklodzi\u0146a 32 1 met\u0101l\u0101"},"content":{"rendered":"","protected":false},"excerpt":{"rendered":"<p>Daudzfunkciju r\u012bklodzi\u0146a 32 1 met\u0101l\u0101<\/p>\n<p>32 komplekts 1 mikro kabatas precizit\u0101tes skr\u016bvju komplekt\u0101 ar JacklyGreat m\u0101jas un biroja usethe komplektam ietilpst: Phoo Pho Ph1 Ph21,0 1,3 1,5 2,0 2,5 3.0 4,0T4 T5 T6 T7 T8 T10 T15 T203.0 3.0I2,6 2.0 1,0H1. 5 H2.0 H2.5 H3.0 H3.5 H4.01 mini rokas pinceters1 skr\u016bvgriezis<\/p>\n","protected":false},"featured_media":120337,"template":"","meta":{"_acf_changed":false},"product_brand":[],"product_cat":[1119],"product_tag":[],"class_list":{"0":"post-143410","1":"product","2":"type-product","3":"status-publish","4":"has-post-thumbnail","6":"product_cat-celojumu-preces","8":"first","9":"instock","10":"purchasable","11":"product-type-simple"},"acf":[],"_links":{"self":[{"href":"https:\/\/kingarms.ee\/lv\/wp-json\/wp\/v2\/product\/143410","targetHints":{"allow":["GET"]}}],"collection":[{"href":"https:\/\/kingarms.ee\/lv\/wp-json\/wp\/v2\/product"}],"about":[{"href":"https:\/\/kingarms.ee\/lv\/wp-json\/wp\/v2\/types\/product"}],"wp:featuredmedia":[{"embeddable":true,"href":"https:\/\/kingarms.ee\/lv\/wp-json\/wp\/v2\/media\/120337"}],"wp:attachment":[{"href":"https:\/\/kingarms.ee\/lv\/wp-json\/wp\/v2\/media?parent=143410"}],"wp:term":[{"taxonomy":"product_brand","embeddable":true,"href":"https:\/\/kingarms.ee\/lv\/wp-json\/wp\/v2\/product_brand?post=143410"},{"taxonomy":"product_cat","embeddable":true,"href":"https:\/\/kingarms.ee\/lv\/wp-json\/wp\/v2\/product_cat?post=143410"},{"taxonomy":"product_tag","embeddable":true,"href":"https:\/\/kingarms.ee\/lv\/wp-json\/wp\/v2\/product_tag?post=143410"}],"curies":[{"name":"wp","href":"https:\/\/api.w.org\/{rel}","templated":true}]}}