{"id":143414,"date":"2022-05-19T03:11:36","date_gmt":"2025-01-08T13:12:06","guid":{"rendered":"https:\/\/kingarms.ee\/product\/priekseja-satveriena-un-ikska-blokesanas-kombinetais-olivu-drab-lielais-pukis\/"},"modified":"2025-01-08T16:12:06","modified_gmt":"2025-01-08T13:12:06","slug":"lielgabarita-frontes-satversana-and-mock-lock-combo-olive-drab","status":"publish","type":"product","link":"https:\/\/kingarms.ee\/lv\/product\/lielgabarita-frontes-satversana-and-mock-lock-combo-olive-drab\/","title":{"rendered":"Priek\u0161\u0113j\u0101 satv\u0113riena un \u012bk\u0161\u0137a blo\u0137\u0113\u0161anas kombin\u0113tais ol\u012bvu drab lielais p\u016b\u0137is"},"content":{"rendered":"","protected":false},"excerpt":{"rendered":"<p>Priek\u0161\u0113j\u0101 satv\u0113riena un \u012bk\u0161\u0137a blo\u0137\u0113\u0161anas kombin\u0113tais ol\u012bvu drab lielais p\u016b\u0137is<\/p>\n<p>Priek\u0161\u0113j\u0101 satv\u0113riena un \u012bk\u0161\u0137a blo\u0137\u0113\u0161anas kombin\u0101cija<br \/>\nLai palielin\u0101tu iero\u010du apstr\u0101di un stabilit\u0101ti<br \/>\nOl\u012bvu drab kr\u0101sa<\/p>\n","protected":false},"featured_media":120355,"template":"","meta":{"_acf_changed":false},"product_brand":[],"product_cat":[1089],"product_tag":[],"class_list":{"0":"post-143414","1":"product","2":"type-product","3":"status-publish","4":"has-post-thumbnail","6":"product_cat-rokturi-gredzeni-jostas","8":"first","9":"instock","10":"purchasable","11":"product-type-simple"},"acf":[],"_links":{"self":[{"href":"https:\/\/kingarms.ee\/lv\/wp-json\/wp\/v2\/product\/143414","targetHints":{"allow":["GET"]}}],"collection":[{"href":"https:\/\/kingarms.ee\/lv\/wp-json\/wp\/v2\/product"}],"about":[{"href":"https:\/\/kingarms.ee\/lv\/wp-json\/wp\/v2\/types\/product"}],"wp:featuredmedia":[{"embeddable":true,"href":"https:\/\/kingarms.ee\/lv\/wp-json\/wp\/v2\/media\/120355"}],"wp:attachment":[{"href":"https:\/\/kingarms.ee\/lv\/wp-json\/wp\/v2\/media?parent=143414"}],"wp:term":[{"taxonomy":"product_brand","embeddable":true,"href":"https:\/\/kingarms.ee\/lv\/wp-json\/wp\/v2\/product_brand?post=143414"},{"taxonomy":"product_cat","embeddable":true,"href":"https:\/\/kingarms.ee\/lv\/wp-json\/wp\/v2\/product_cat?post=143414"},{"taxonomy":"product_tag","embeddable":true,"href":"https:\/\/kingarms.ee\/lv\/wp-json\/wp\/v2\/product_tag?post=143414"}],"curies":[{"name":"wp","href":"https:\/\/api.w.org\/{rel}","templated":true}]}}