{"id":143415,"date":"2022-05-19T03:11:36","date_gmt":"2025-01-08T13:13:31","guid":{"rendered":"https:\/\/kingarms.ee\/product\/metala-3-slots-20-mm-stavvada-sliedes-melna\/"},"modified":"2025-01-08T16:13:31","modified_gmt":"2025-01-08T13:13:31","slug":"metal-3-slot-20mm-riser-rail-melle","status":"publish","type":"product","link":"https:\/\/kingarms.ee\/lv\/product\/metal-3-slot-20mm-riser-rail-melle\/","title":{"rendered":"Met\u0101la 3 slots 20 mm st\u0101vvada sliedes melna"},"content":{"rendered":"","protected":false},"excerpt":{"rendered":"<p>20 mm st\u0101vvada sliede<br \/>\n3 slots<br \/>\nMelna kr\u0101sa<\/p>\n","protected":false},"featured_media":120467,"template":"","meta":{"_acf_changed":false},"product_brand":[],"product_cat":[1129],"product_tag":[],"class_list":{"0":"post-143415","1":"product","2":"type-product","3":"status-publish","4":"has-post-thumbnail","6":"product_cat-rezerves-dalas","8":"first","9":"instock","10":"purchasable","11":"product-type-simple"},"acf":[],"_links":{"self":[{"href":"https:\/\/kingarms.ee\/lv\/wp-json\/wp\/v2\/product\/143415","targetHints":{"allow":["GET"]}}],"collection":[{"href":"https:\/\/kingarms.ee\/lv\/wp-json\/wp\/v2\/product"}],"about":[{"href":"https:\/\/kingarms.ee\/lv\/wp-json\/wp\/v2\/types\/product"}],"wp:featuredmedia":[{"embeddable":true,"href":"https:\/\/kingarms.ee\/lv\/wp-json\/wp\/v2\/media\/120467"}],"wp:attachment":[{"href":"https:\/\/kingarms.ee\/lv\/wp-json\/wp\/v2\/media?parent=143415"}],"wp:term":[{"taxonomy":"product_brand","embeddable":true,"href":"https:\/\/kingarms.ee\/lv\/wp-json\/wp\/v2\/product_brand?post=143415"},{"taxonomy":"product_cat","embeddable":true,"href":"https:\/\/kingarms.ee\/lv\/wp-json\/wp\/v2\/product_cat?post=143415"},{"taxonomy":"product_tag","embeddable":true,"href":"https:\/\/kingarms.ee\/lv\/wp-json\/wp\/v2\/product_tag?post=143415"}],"curies":[{"name":"wp","href":"https:\/\/api.w.org\/{rel}","templated":true}]}}