{"id":143421,"date":"2022-05-19T03:11:36","date_gmt":"2025-01-08T13:16:55","guid":{"rendered":"https:\/\/kingarms.ee\/product\/metala-qd-sling-grozamais-melns\/"},"modified":"2025-01-08T16:16:55","modified_gmt":"2025-01-08T13:16:55","slug":"naudesana","status":"publish","type":"product","link":"https:\/\/kingarms.ee\/lv\/product\/naudesana\/","title":{"rendered":"Met\u0101la QD Sling groz\u0101mais melns"},"content":{"rendered":"","protected":false},"excerpt":{"rendered":"<p>Sling groz\u0101mais ar \u0101tru atdal\u012b\u0161anu<br \/>\nMet\u0101la konstrukcija<br \/>\nIzm\u0113ri 35 mm x 41 mm x 15 mm<br \/>\nSvars 26g<\/p>\n","protected":false},"featured_media":120313,"template":"","meta":{"_acf_changed":false},"product_brand":[],"product_cat":[1107,1129],"product_tag":[],"class_list":{"0":"post-143421","1":"product","2":"type-product","3":"status-publish","4":"has-post-thumbnail","6":"product_cat-noregulesana","7":"product_cat-rezerves-dalas","9":"first","10":"instock","11":"purchasable","12":"product-type-simple"},"acf":[],"_links":{"self":[{"href":"https:\/\/kingarms.ee\/lv\/wp-json\/wp\/v2\/product\/143421","targetHints":{"allow":["GET"]}}],"collection":[{"href":"https:\/\/kingarms.ee\/lv\/wp-json\/wp\/v2\/product"}],"about":[{"href":"https:\/\/kingarms.ee\/lv\/wp-json\/wp\/v2\/types\/product"}],"wp:featuredmedia":[{"embeddable":true,"href":"https:\/\/kingarms.ee\/lv\/wp-json\/wp\/v2\/media\/120313"}],"wp:attachment":[{"href":"https:\/\/kingarms.ee\/lv\/wp-json\/wp\/v2\/media?parent=143421"}],"wp:term":[{"taxonomy":"product_brand","embeddable":true,"href":"https:\/\/kingarms.ee\/lv\/wp-json\/wp\/v2\/product_brand?post=143421"},{"taxonomy":"product_cat","embeddable":true,"href":"https:\/\/kingarms.ee\/lv\/wp-json\/wp\/v2\/product_cat?post=143421"},{"taxonomy":"product_tag","embeddable":true,"href":"https:\/\/kingarms.ee\/lv\/wp-json\/wp\/v2\/product_tag?post=143421"}],"curies":[{"name":"wp","href":"https:\/\/api.w.org\/{rel}","templated":true}]}}