{"id":143422,"date":"2022-05-19T03:11:36","date_gmt":"2025-01-08T13:17:18","guid":{"rendered":"https:\/\/kingarms.ee\/product\/skruvju-darbibas-sautenes-snaiperu-serija-as03-amoeba\/"},"modified":"2025-01-08T16:17:18","modified_gmt":"2025-01-08T13:17:18","slug":"amoeba-bolt-action-rifle-sniper-series-as03","status":"publish","type":"product","link":"https:\/\/kingarms.ee\/lv\/product\/amoeba-bolt-action-rifle-sniper-series-as03\/","title":{"rendered":"Skr\u016bvju darb\u012bbas \u0161autenes snaiperu s\u0113rija AS03 Amoeba"},"content":{"rendered":"","protected":false},"excerpt":{"rendered":"<p>Skr\u016bvju darb\u012bbas \u0161autenes snaiperu s\u0113rija AS03 Amoeba<\/p>\n<p>Skr\u016bvju darb\u012bbas \u0161autenes snaiperu s\u0113rija AS03<br \/>\nPolim\u0113rs<br \/>\nMet\u0101la muca un pilna garuma standarta 20 mm aug\u0161\u0113j\u0101 sliede<br \/>\nZema v\u0101ci\u0146a AS03 40 k\u0101rtas \u017eurn\u0101ls<br \/>\nTaktisk\u0101 pistoles sa\u0137ere<br \/>\nPiel\u0101gojams l\u0113ciens uz aug\u0161u<br \/>\nGarums 465g<br \/>\nSvars 1500G<\/p>\n","protected":false},"featured_media":120306,"template":"","meta":{"_acf_changed":false},"product_brand":[],"product_cat":[1003],"product_tag":[],"class_list":{"0":"post-143422","1":"product","2":"type-product","3":"status-publish","4":"has-post-thumbnail","6":"product_cat-snaipera-pistoles","8":"first","9":"onbackorder","10":"product-type-simple"},"acf":[],"_links":{"self":[{"href":"https:\/\/kingarms.ee\/lv\/wp-json\/wp\/v2\/product\/143422","targetHints":{"allow":["GET"]}}],"collection":[{"href":"https:\/\/kingarms.ee\/lv\/wp-json\/wp\/v2\/product"}],"about":[{"href":"https:\/\/kingarms.ee\/lv\/wp-json\/wp\/v2\/types\/product"}],"wp:featuredmedia":[{"embeddable":true,"href":"https:\/\/kingarms.ee\/lv\/wp-json\/wp\/v2\/media\/120306"}],"wp:attachment":[{"href":"https:\/\/kingarms.ee\/lv\/wp-json\/wp\/v2\/media?parent=143422"}],"wp:term":[{"taxonomy":"product_brand","embeddable":true,"href":"https:\/\/kingarms.ee\/lv\/wp-json\/wp\/v2\/product_brand?post=143422"},{"taxonomy":"product_cat","embeddable":true,"href":"https:\/\/kingarms.ee\/lv\/wp-json\/wp\/v2\/product_cat?post=143422"},{"taxonomy":"product_tag","embeddable":true,"href":"https:\/\/kingarms.ee\/lv\/wp-json\/wp\/v2\/product_tag?post=143422"}],"curies":[{"name":"wp","href":"https:\/\/api.w.org\/{rel}","templated":true}]}}