{"id":143424,"date":"2022-05-19T03:11:36","date_gmt":"2025-01-08T13:19:34","guid":{"rendered":"https:\/\/kingarms.ee\/product\/snaipera-sautenes-uzbrucejs-as-1-amoeba\/"},"modified":"2025-01-08T16:19:34","modified_gmt":"2025-01-08T13:19:34","slug":"amoeba-sniper-rifle-striker-as-1","status":"publish","type":"product","link":"https:\/\/kingarms.ee\/lv\/product\/amoeba-sniper-rifle-striker-as-1\/","title":{"rendered":"Snaipera \u0161autenes uzbruc\u0113js AS-1 Amoeba"},"content":{"rendered":"","protected":false},"excerpt":{"rendered":"<p>Snaipera \u0161autenes uzbruc\u0113js AS-1 Amoeba<\/p>\n<p>Skr\u016bve<br \/>\n45 k\u0101rtas \u017eurn\u0101ls<br \/>\nM-Lok rokas apsardze<br \/>\nNeilona \u0161\u0137iedru korpuss<br \/>\nMet\u0101la muca, aug\u0161\u0113j\u0101 sliede, svira un svira<br \/>\nGatavs uguns indikatoram<br \/>\nKr\u0101jums ar plecu atp\u016btu<br \/>\nPiel\u0101gojams l\u0113ciens uz aug\u0161u<br \/>\nDro\u0161\u012bbas sl\u0113dzene, viens \u0161\u0101viens<br \/>\nNodal\u012bjums ar mont\u0101\u017eas un piel\u0101go\u0161anas tausti\u0146iem<br \/>\nGarums 860mm<br \/>\nSvars 2200g<\/p>\n","protected":false},"featured_media":120256,"template":"","meta":{"_acf_changed":false},"product_brand":[],"product_cat":[1003],"product_tag":[],"class_list":{"0":"post-143424","1":"product","2":"type-product","3":"status-publish","4":"has-post-thumbnail","6":"product_cat-snaipera-pistoles","8":"first","9":"onbackorder","10":"product-type-simple"},"acf":[],"_links":{"self":[{"href":"https:\/\/kingarms.ee\/lv\/wp-json\/wp\/v2\/product\/143424","targetHints":{"allow":["GET"]}}],"collection":[{"href":"https:\/\/kingarms.ee\/lv\/wp-json\/wp\/v2\/product"}],"about":[{"href":"https:\/\/kingarms.ee\/lv\/wp-json\/wp\/v2\/types\/product"}],"wp:featuredmedia":[{"embeddable":true,"href":"https:\/\/kingarms.ee\/lv\/wp-json\/wp\/v2\/media\/120256"}],"wp:attachment":[{"href":"https:\/\/kingarms.ee\/lv\/wp-json\/wp\/v2\/media?parent=143424"}],"wp:term":[{"taxonomy":"product_brand","embeddable":true,"href":"https:\/\/kingarms.ee\/lv\/wp-json\/wp\/v2\/product_brand?post=143424"},{"taxonomy":"product_cat","embeddable":true,"href":"https:\/\/kingarms.ee\/lv\/wp-json\/wp\/v2\/product_cat?post=143424"},{"taxonomy":"product_tag","embeddable":true,"href":"https:\/\/kingarms.ee\/lv\/wp-json\/wp\/v2\/product_tag?post=143424"}],"curies":[{"name":"wp","href":"https:\/\/api.w.org\/{rel}","templated":true}]}}