{"id":143428,"date":"2022-05-17T23:10:00","date_gmt":"2025-01-08T13:23:44","guid":{"rendered":"https:\/\/kingarms.ee\/product\/degvielas-rc-li-po-akumulatora-ladetajs-fl-sk82\/"},"modified":"2025-01-08T16:23:44","modified_gmt":"2025-01-08T13:23:44","slug":"degviela-rc-li-po-battery-charger-fl-sk82","status":"publish","type":"product","link":"https:\/\/kingarms.ee\/lv\/product\/degviela-rc-li-po-battery-charger-fl-sk82\/","title":{"rendered":"Degvielas rc li-po akumulatora l\u0101d\u0113t\u0101js FL-SK82"},"content":{"rendered":"","protected":false},"excerpt":{"rendered":"<p>Degviela RC<br \/>\nLi-Po akumulatora l\u0101d\u0113t\u0101js<br \/>\n2 vai 3 \u0161\u016bn\u0101m li-po baterijas<br \/>\nIeejas spriegums 100V-240V<br \/>\nUzl\u0101des statuss, kas tika novirz\u012bts uz katru \u0161\u016bnu<br \/>\nSvars 125G<br \/>\nIzm\u0113ri cm 9 x 6,5 x 3,5<\/p>\n","protected":false},"featured_media":128474,"template":"","meta":{"_acf_changed":false},"product_brand":[],"product_cat":[1055],"product_tag":[],"class_list":{"0":"post-143428","1":"product","2":"type-product","3":"status-publish","4":"has-post-thumbnail","6":"product_cat-charargers-ir","8":"first","9":"instock","10":"purchasable","11":"product-type-simple"},"acf":[],"_links":{"self":[{"href":"https:\/\/kingarms.ee\/lv\/wp-json\/wp\/v2\/product\/143428","targetHints":{"allow":["GET"]}}],"collection":[{"href":"https:\/\/kingarms.ee\/lv\/wp-json\/wp\/v2\/product"}],"about":[{"href":"https:\/\/kingarms.ee\/lv\/wp-json\/wp\/v2\/types\/product"}],"wp:featuredmedia":[{"embeddable":true,"href":"https:\/\/kingarms.ee\/lv\/wp-json\/wp\/v2\/media\/128474"}],"wp:attachment":[{"href":"https:\/\/kingarms.ee\/lv\/wp-json\/wp\/v2\/media?parent=143428"}],"wp:term":[{"taxonomy":"product_brand","embeddable":true,"href":"https:\/\/kingarms.ee\/lv\/wp-json\/wp\/v2\/product_brand?post=143428"},{"taxonomy":"product_cat","embeddable":true,"href":"https:\/\/kingarms.ee\/lv\/wp-json\/wp\/v2\/product_cat?post=143428"},{"taxonomy":"product_tag","embeddable":true,"href":"https:\/\/kingarms.ee\/lv\/wp-json\/wp\/v2\/product_tag?post=143428"}],"curies":[{"name":"wp","href":"https:\/\/api.w.org\/{rel}","templated":true}]}}