{"id":143446,"date":"2022-05-16T14:11:07","date_gmt":"2025-01-08T13:37:49","guid":{"rendered":"https:\/\/kingarms.ee\/product\/specna-ierocu-krekls-jusu-airsoft-veids\/"},"modified":"2025-01-08T16:37:49","modified_gmt":"2025-01-08T13:37:49","slug":"specna-arms-krekls-jusu-airsoft-7","status":"publish","type":"product","link":"https:\/\/kingarms.ee\/lv\/product\/specna-arms-krekls-jusu-airsoft-7\/","title":{"rendered":"Specna iero\u010du krekls &#8211; j\u016bsu Airsoft veids"},"content":{"rendered":"","protected":false},"excerpt":{"rendered":"<p>Specna iero\u010du krekls &#8211; j\u016bsu veids, k\u0101 Airsoft ir \u0113rts krekls ar klasisku griezumu un Specna iero\u010du dizainu. Pateicoties kreklam, kas ir izgatavots no kokvilnas, to ir \u0113rti valk\u0101t.<\/p>\n","protected":false},"featured_media":119473,"template":"","meta":{"_acf_changed":false},"product_brand":[],"product_cat":[1070,1075],"product_tag":[],"class_list":{"0":"post-143446","1":"product","2":"type-product","3":"status-publish","4":"has-post-thumbnail","6":"product_cat-bluzes-krekli","7":"product_cat-clothes-footwear-lv","9":"first","10":"instock","11":"sale","12":"purchasable","13":"product-type-variable"},"acf":[],"_links":{"self":[{"href":"https:\/\/kingarms.ee\/lv\/wp-json\/wp\/v2\/product\/143446","targetHints":{"allow":["GET"]}}],"collection":[{"href":"https:\/\/kingarms.ee\/lv\/wp-json\/wp\/v2\/product"}],"about":[{"href":"https:\/\/kingarms.ee\/lv\/wp-json\/wp\/v2\/types\/product"}],"wp:featuredmedia":[{"embeddable":true,"href":"https:\/\/kingarms.ee\/lv\/wp-json\/wp\/v2\/media\/119473"}],"wp:attachment":[{"href":"https:\/\/kingarms.ee\/lv\/wp-json\/wp\/v2\/media?parent=143446"}],"wp:term":[{"taxonomy":"product_brand","embeddable":true,"href":"https:\/\/kingarms.ee\/lv\/wp-json\/wp\/v2\/product_brand?post=143446"},{"taxonomy":"product_cat","embeddable":true,"href":"https:\/\/kingarms.ee\/lv\/wp-json\/wp\/v2\/product_cat?post=143446"},{"taxonomy":"product_tag","embeddable":true,"href":"https:\/\/kingarms.ee\/lv\/wp-json\/wp\/v2\/product_tag?post=143446"}],"curies":[{"name":"wp","href":"https:\/\/api.w.org\/{rel}","templated":true}]}}