{"id":143523,"date":"2022-05-16T14:10:44","date_gmt":"2025-01-08T13:58:37","guid":{"rendered":"https:\/\/kingarms.ee\/product\/stalker-evo-plus-maskas-galigais-taktiskais\/"},"modified":"2025-01-08T16:58:37","modified_gmt":"2025-01-08T13:58:37","slug":"stalker-evo-plus-mask-ultimate-tactical-2","status":"publish","type":"product","link":"https:\/\/kingarms.ee\/lv\/product\/stalker-evo-plus-mask-ultimate-tactical-2\/","title":{"rendered":"Stalker evo plus maskas gal\u012bgais taktiskais"},"content":{"rendered":"","protected":false},"excerpt":{"rendered":"<p>Stalker EVO Plus mask Ultimate Tactical STAKER TYPE MASK no EVO izdevuma ar papildu ausu aizsardz\u012bbu. Maska bija izgatavota no iztur\u012bga neilona, kas ap\u0146em t\u0101 \u0101r\u0113jo da\u013cu un sp\u0113c\u012bgu, tom\u0113r vieglu t\u0113rauda sietu. Iek\u0161pus\u0113, uz vaigiem maskai ir \u013coti pat\u012bkama putu acu odere, kas uzlabo valk\u0101\u0161anas \u0113rt\u012bbas. K\u0101 papildu aizsardz\u012bbas l\u012bdzeklis maskas mal\u0101m ir acs, kas, dom\u0101jams, aizsarg\u0101 ausis no kait\u0113juma. Acs bija p\u0101rkl\u0101ts ar \u012bpa\u0161u lamin\u0101tu, kas padara to iztur\u012bgu pret laika apst\u0101k\u013ciem un r\u016bsu. Maska praktiski piel\u0101gojas lietot\u0101ja sejai pati par sevi, kas ir iev\u0113rojams daudzums br\u012bvas elpo\u0161anas \u0113rt\u012bbas, vienlaikus pied\u0101v\u0101jot lietot\u0101ja sejas neaizsarg\u0101to da\u013cu v\u0101ku. Stabilit\u0101ti nodro\u0161ina 4 regul\u0113jamas siksnas ar pla\u0161u centr\u0101lo siksnu, kas stiepjas virs galvas aizmugures.<\/p>\n","protected":false},"featured_media":119611,"template":"","meta":{"_acf_changed":false},"product_brand":[],"product_cat":[1081],"product_tag":[],"class_list":{"0":"post-143523","1":"product","2":"type-product","3":"status-publish","4":"has-post-thumbnail","6":"product_cat-bez-kiveres-stiprinajuma","8":"first","9":"onbackorder","10":"product-type-simple"},"acf":[],"_links":{"self":[{"href":"https:\/\/kingarms.ee\/lv\/wp-json\/wp\/v2\/product\/143523","targetHints":{"allow":["GET"]}}],"collection":[{"href":"https:\/\/kingarms.ee\/lv\/wp-json\/wp\/v2\/product"}],"about":[{"href":"https:\/\/kingarms.ee\/lv\/wp-json\/wp\/v2\/types\/product"}],"wp:featuredmedia":[{"embeddable":true,"href":"https:\/\/kingarms.ee\/lv\/wp-json\/wp\/v2\/media\/119611"}],"wp:attachment":[{"href":"https:\/\/kingarms.ee\/lv\/wp-json\/wp\/v2\/media?parent=143523"}],"wp:term":[{"taxonomy":"product_brand","embeddable":true,"href":"https:\/\/kingarms.ee\/lv\/wp-json\/wp\/v2\/product_brand?post=143523"},{"taxonomy":"product_cat","embeddable":true,"href":"https:\/\/kingarms.ee\/lv\/wp-json\/wp\/v2\/product_cat?post=143523"},{"taxonomy":"product_tag","embeddable":true,"href":"https:\/\/kingarms.ee\/lv\/wp-json\/wp\/v2\/product_tag?post=143523"}],"curies":[{"name":"wp","href":"https:\/\/api.w.org\/{rel}","templated":true}]}}