{"id":143527,"date":"2022-05-16T14:10:32","date_gmt":"2025-01-08T14:00:58","guid":{"rendered":"https:\/\/kingarms.ee\/product\/open-iii-2-xs-1-m-pistol-5-56-zurnalu-maisinu-komplekts-molle\/"},"modified":"2025-01-08T17:00:58","modified_gmt":"2025-01-08T14:00:58","slug":"set-of-open-iii-2-xs-1-m-pistol-5-56-magazine-pouches-molle-2","status":"publish","type":"product","link":"https:\/\/kingarms.ee\/lv\/product\/set-of-open-iii-2-xs-1-m-pistol-5-56-magazine-pouches-molle-2\/","title":{"rendered":"Open III 2 XS 1 m Pistol 5.56 \u017eurn\u0101lu maisi\u0146u komplekts Molle"},"content":{"rendered":"","protected":false},"excerpt":{"rendered":"<p>Open III 2 XS 1 m Pistol 5.56 \u017eurn\u0101lu maisi\u0146u komplekts Molle 2 \u0101tru maisi\u0146u komplekts, kas izgatavots no iztur\u012bga polim\u0113ra ar prim\u0101ro apr\u012bkojumu, kas velt\u012bts pistoles \u017eurn\u0101liem un maisi\u0146u, kas velt\u012bts AR-15 \u017eurn\u0101liem vai tiem, kas ir l\u012bdz\u012bgi izm\u0113ri. Vi\u0146iem nav atloku, kas \u013cauj \u0101tri piek\u013c\u016bt \u017eurn\u0101liem, vienlaikus turot tos noteikti viet\u0101 un ne\u013caujot nejau\u0161i izkrist, pat ja tie ir uzst\u0101d\u012bti otr\u0101di. To atvieglo maisi\u0146a uzb\u016bve &#8211; tas sast\u0101v no div\u0101m pus\u0113m, cie\u0161i turot kop\u0101 ar sil\u012bcija gumijas josl\u0101m.<\/p>\n","protected":false},"featured_media":119715,"template":"","meta":{"_acf_changed":false},"product_brand":[],"product_cat":[1098,1100],"product_tag":[],"class_list":{"0":"post-143527","1":"product","2":"type-product","3":"status-publish","4":"has-post-thumbnail","6":"product_cat-maisini-somas-un-siksnas","7":"product_cat-uzglabasanas-kabatas","9":"first","10":"instock","11":"purchasable","12":"product-type-simple"},"acf":[],"_links":{"self":[{"href":"https:\/\/kingarms.ee\/lv\/wp-json\/wp\/v2\/product\/143527","targetHints":{"allow":["GET"]}}],"collection":[{"href":"https:\/\/kingarms.ee\/lv\/wp-json\/wp\/v2\/product"}],"about":[{"href":"https:\/\/kingarms.ee\/lv\/wp-json\/wp\/v2\/types\/product"}],"wp:featuredmedia":[{"embeddable":true,"href":"https:\/\/kingarms.ee\/lv\/wp-json\/wp\/v2\/media\/119715"}],"wp:attachment":[{"href":"https:\/\/kingarms.ee\/lv\/wp-json\/wp\/v2\/media?parent=143527"}],"wp:term":[{"taxonomy":"product_brand","embeddable":true,"href":"https:\/\/kingarms.ee\/lv\/wp-json\/wp\/v2\/product_brand?post=143527"},{"taxonomy":"product_cat","embeddable":true,"href":"https:\/\/kingarms.ee\/lv\/wp-json\/wp\/v2\/product_cat?post=143527"},{"taxonomy":"product_tag","embeddable":true,"href":"https:\/\/kingarms.ee\/lv\/wp-json\/wp\/v2\/product_tag?post=143527"}],"curies":[{"name":"wp","href":"https:\/\/api.w.org\/{rel}","templated":true}]}}